{"id":5827,"date":"2022-11-09T12:30:32","date_gmt":"2022-11-09T11:30:32","guid":{"rendered":"https:\/\/www.venturecup.se\/?page_id=5827"},"modified":"2023-03-10T14:04:06","modified_gmt":"2023-03-10T13:04:06","slug":"water-challenge","status":"publish","type":"page","link":"https:\/\/www.venturecup.se\/sv\/water-challenge\/","title":{"rendered":"Water Challenge"},"content":{"rendered":"\t\t<div data-elementor-type=\"wp-page\" data-elementor-id=\"5827\" class=\"elementor elementor-5827\" data-elementor-post-type=\"page\">\n\t\t\t\t\t\t<section class=\"elementor-section elementor-top-section elementor-element elementor-element-3f7d51be elementor-section-full_width elementor-section-height-default elementor-section-height-default\" data-id=\"3f7d51be\" data-element_type=\"section\" data-e-type=\"section\" data-settings=\"{&quot;background_background&quot;:&quot;classic&quot;,&quot;sticky&quot;:&quot;top&quot;,&quot;sticky_on&quot;:[&quot;desktop&quot;,&quot;tablet&quot;,&quot;mobile&quot;],&quot;sticky_offset&quot;:0,&quot;sticky_effects_offset&quot;:0,&quot;sticky_anchor_link_offset&quot;:0}\">\n\t\t\t\t\t\t<div class=\"elementor-container elementor-column-gap-no\">\n\t\t\t\t\t<div class=\"elementor-column elementor-col-100 elementor-top-column elementor-element elementor-element-2441ab7f\" data-id=\"2441ab7f\" data-element_type=\"column\" data-e-type=\"column\">\n\t\t\t<div class=\"elementor-widget-wrap elementor-element-populated\">\n\t\t\t\t\t\t<div class=\"elementor-element elementor-element-33560652 elementor-widget elementor-widget-progress-tracker\" data-id=\"33560652\" data-element_type=\"widget\" data-e-type=\"widget\" data-settings=\"{&quot;type&quot;:&quot;horizontal&quot;,&quot;relative_to&quot;:&quot;entire_page&quot;,&quot;percentage&quot;:&quot;no&quot;}\" data-widget_type=\"progress-tracker.default\">\n\t\t\t\t<div class=\"elementor-widget-container\">\n\t\t\t\t\t\n\t\t<div class=\"elementor-scrolling-tracker elementor-scrolling-tracker-horizontal elementor-scrolling-tracker-alignment-\">\n\t\t\t\t\t\t<div class=\"current-progress\">\n\t\t\t\t\t<div class=\"current-progress-percentage\"><\/div>\n\t\t\t\t<\/div>\n\t\t\t\t<\/div>\n\t\t\t\t\t\t<\/div>\n\t\t\t\t<\/div>\n\t\t\t\t\t<\/div>\n\t\t<\/div>\n\t\t\t\t\t<\/div>\n\t\t<\/section>\n\t\t\t\t<section class=\"elementor-section elementor-top-section elementor-element elementor-element-6bae8323 elementor-section-boxed elementor-section-height-default elementor-section-height-default\" data-id=\"6bae8323\" data-element_type=\"section\" data-e-type=\"section\" data-settings=\"{&quot;background_background&quot;:&quot;classic&quot;}\">\n\t\t\t\t\t\t<div class=\"elementor-container elementor-column-gap-default\">\n\t\t\t\t\t<div class=\"elementor-column elementor-col-100 elementor-top-column elementor-element elementor-element-64105cc5\" data-id=\"64105cc5\" data-element_type=\"column\" data-e-type=\"column\">\n\t\t\t<div class=\"elementor-widget-wrap elementor-element-populated\">\n\t\t\t\t\t\t<section class=\"elementor-section elementor-inner-section elementor-element elementor-element-4ef4e5fd elementor-section-boxed elementor-section-height-default elementor-section-height-default\" data-id=\"4ef4e5fd\" data-element_type=\"section\" data-e-type=\"section\" data-settings=\"{&quot;background_background&quot;:&quot;classic&quot;}\">\n\t\t\t\t\t\t<div class=\"elementor-container elementor-column-gap-default\">\n\t\t\t\t\t<div class=\"elementor-column elementor-col-100 elementor-inner-column elementor-element elementor-element-6cc21d00\" data-id=\"6cc21d00\" data-element_type=\"column\" data-e-type=\"column\">\n\t\t\t<div class=\"elementor-widget-wrap elementor-element-populated\">\n\t\t\t\t\t\t<div class=\"elementor-element elementor-element-1a088ef elementor-widget elementor-widget-image\" data-id=\"1a088ef\" data-element_type=\"widget\" data-e-type=\"widget\" data-widget_type=\"image.default\">\n\t\t\t\t<div class=\"elementor-widget-container\">\n\t\t\t\t\t\t\t\t\t\t\t\t\t\t\t<img decoding=\"async\" width=\"300\" height=\"157\" src=\"https:\/\/www.venturecup.se\/wp-content\/uploads\/2022\/11\/Water-Challenge_Vit-text-2-300x157.png\" class=\"attachment-medium size-medium wp-image-5871\" alt=\"\" srcset=\"https:\/\/www.venturecup.se\/wp-content\/uploads\/2022\/11\/Water-Challenge_Vit-text-2-300x157.png 300w, https:\/\/www.venturecup.se\/wp-content\/uploads\/2022\/11\/Water-Challenge_Vit-text-2-768x401.png 768w, https:\/\/www.venturecup.se\/wp-content\/uploads\/2022\/11\/Water-Challenge_Vit-text-2-18x9.png 18w, https:\/\/www.venturecup.se\/wp-content\/uploads\/2022\/11\/Water-Challenge_Vit-text-2.png 916w\" sizes=\"(max-width: 300px) 100vw, 300px\" \/>\t\t\t\t\t\t\t\t\t\t\t\t\t\t\t<\/div>\n\t\t\t\t<\/div>\n\t\t\t\t<div class=\"elementor-element elementor-element-5b408106 elementor-widget-divider--view-line elementor-widget elementor-widget-divider\" data-id=\"5b408106\" data-element_type=\"widget\" data-e-type=\"widget\" data-widget_type=\"divider.default\">\n\t\t\t\t<div class=\"elementor-widget-container\">\n\t\t\t\t\t\t\t<div class=\"elementor-divider\">\n\t\t\t<span class=\"elementor-divider-separator\">\n\t\t\t\t\t\t<\/span>\n\t\t<\/div>\n\t\t\t\t\t\t<\/div>\n\t\t\t\t<\/div>\n\t\t\t\t\t<\/div>\n\t\t<\/div>\n\t\t\t\t\t<\/div>\n\t\t<\/section>\n\t\t\t\t\t<\/div>\n\t\t<\/div>\n\t\t\t\t\t<\/div>\n\t\t<\/section>\n\t\t\t\t<section class=\"elementor-section elementor-top-section elementor-element elementor-element-3ac41b07 elementor-section-boxed elementor-section-height-default elementor-section-height-default\" data-id=\"3ac41b07\" data-element_type=\"section\" data-e-type=\"section\">\n\t\t\t\t\t\t<div class=\"elementor-container elementor-column-gap-default\">\n\t\t\t\t\t<div class=\"elementor-column elementor-col-100 elementor-top-column elementor-element elementor-element-2361b542\" data-id=\"2361b542\" data-element_type=\"column\" data-e-type=\"column\">\n\t\t\t<div class=\"elementor-widget-wrap elementor-element-populated\">\n\t\t\t\t\t\t<div class=\"elementor-element elementor-element-157c4a7 elementor-widget elementor-widget-spacer\" data-id=\"157c4a7\" data-element_type=\"widget\" data-e-type=\"widget\" data-widget_type=\"spacer.default\">\n\t\t\t\t<div class=\"elementor-widget-container\">\n\t\t\t\t\t\t\t<div class=\"elementor-spacer\">\n\t\t\t<div class=\"elementor-spacer-inner\"><\/div>\n\t\t<\/div>\n\t\t\t\t\t\t<\/div>\n\t\t\t\t<\/div>\n\t\t\t\t<div class=\"elementor-element elementor-element-6ea1c22f elementor-widget elementor-widget-heading\" data-id=\"6ea1c22f\" data-element_type=\"widget\" data-e-type=\"widget\" data-widget_type=\"heading.default\">\n\t\t\t\t<div class=\"elementor-widget-container\">\n\t\t\t\t\t<h2 class=\"elementor-heading-title elementor-size-default\">Antar du utmaningen?<\/h2>\t\t\t\t<\/div>\n\t\t\t\t<\/div>\n\t\t\t\t\t<\/div>\n\t\t<\/div>\n\t\t\t\t\t<\/div>\n\t\t<\/section>\n\t\t\t\t<section class=\"elementor-section elementor-top-section elementor-element elementor-element-14e20c32 elementor-section-boxed elementor-section-height-default elementor-section-height-default\" data-id=\"14e20c32\" data-element_type=\"section\" data-e-type=\"section\">\n\t\t\t\t\t\t<div class=\"elementor-container elementor-column-gap-default\">\n\t\t\t\t\t<div class=\"elementor-column elementor-col-100 elementor-top-column elementor-element elementor-element-2ed8fe86\" data-id=\"2ed8fe86\" data-element_type=\"column\" data-e-type=\"column\">\n\t\t\t<div class=\"elementor-widget-wrap elementor-element-populated\">\n\t\t\t\t\t\t<div class=\"elementor-element elementor-element-2839ef1a elementor-widget elementor-widget-image\" data-id=\"2839ef1a\" data-element_type=\"widget\" data-e-type=\"widget\" data-widget_type=\"image.default\">\n\t\t\t\t<div class=\"elementor-widget-container\">\n\t\t\t\t\t\t\t\t\t\t\t\t\t\t\t<img fetchpriority=\"high\" decoding=\"async\" width=\"800\" height=\"375\" src=\"https:\/\/www.venturecup.se\/wp-content\/uploads\/2022\/11\/Water-Challenge-2022-2-1.png\" class=\"attachment-large size-large wp-image-5873\" alt=\"\" srcset=\"https:\/\/www.venturecup.se\/wp-content\/uploads\/2022\/11\/Water-Challenge-2022-2-1.png 801w, https:\/\/www.venturecup.se\/wp-content\/uploads\/2022\/11\/Water-Challenge-2022-2-1-300x140.png 300w, https:\/\/www.venturecup.se\/wp-content\/uploads\/2022\/11\/Water-Challenge-2022-2-1-768x360.png 768w, https:\/\/www.venturecup.se\/wp-content\/uploads\/2022\/11\/Water-Challenge-2022-2-1-18x8.png 18w\" sizes=\"(max-width: 800px) 100vw, 800px\" \/>\t\t\t\t\t\t\t\t\t\t\t\t\t\t\t<\/div>\n\t\t\t\t<\/div>\n\t\t\t\t<div class=\"elementor-element elementor-element-1abba157 elementor-widget elementor-widget-heading\" data-id=\"1abba157\" data-element_type=\"widget\" data-e-type=\"widget\" data-widget_type=\"heading.default\">\n\t\t\t\t<div class=\"elementor-widget-container\">\n\t\t\t\t\t<h3 class=\"elementor-heading-title elementor-size-default\">T\u00e4vlingen \u00e4r st\u00e4ngd. <\/h3>\t\t\t\t<\/div>\n\t\t\t\t<\/div>\n\t\t\t\t<div class=\"elementor-element elementor-element-33848098 elementor-widget elementor-widget-text-editor\" data-id=\"33848098\" data-element_type=\"widget\" data-e-type=\"widget\" data-widget_type=\"text-editor.default\">\n\t\t\t\t<div class=\"elementor-widget-container\">\n\t\t\t\t\t\t\t\t\t<p class=\"p1\">Water Challenge \u00e4r t\u00e4vlingen f\u00f6r dig som har en id\u00e9 f\u00f6r hantering av vattenresurser och h\u00e5llbar vattenf\u00f6rs\u00f6rjning. T\u00e4vlingen \u00e4r \u00f6ppen f\u00f6r entrepren\u00f6rer och startups som inte har en oms\u00e4ttning eller externt kapital p\u00e5 mer \u00e4n 3 miljoner under t\u00e4vlingsprocessen.<\/p><p>Genom att delta i t\u00e4vlingen ges m\u00f6jligheten f\u00f6r startups och entrepren\u00f6rer att f\u00e5 exponering, feedback, inspiration och tillg\u00e5ng till v\u00e5rt professionella n\u00e4tverk. Att t\u00e4vla i Venture Cups t\u00e4vlingar \u00e4r helt kostnadsfritt och du kan sj\u00e4lv v\u00e4lja vilket inneh\u00e5ll i din aff\u00e4rsid\u00e9 som ska vara offentligt att l\u00e4sa och vad som enbart ska kunna l\u00e4sas av v\u00e5r jury som signerat sekretessavtal.\u00a0<\/p><p>T\u00e4vlingen \u00e4r finansierad och st\u00f6ds av Microsoft Datacenter Community Development. Venture Cup arrangerar t\u00e4vlingen tillsammans med regionala samarbetspartners i G\u00e4vleborg och Sk\u00e5ne.<span class=\"Apple-converted-space\">\u00a0<\/span><\/p>\t\t\t\t\t\t\t\t<\/div>\n\t\t\t\t<\/div>\n\t\t\t\t<div class=\"elementor-element elementor-element-db40fb9 elementor-widget elementor-widget-button\" data-id=\"db40fb9\" data-element_type=\"widget\" data-e-type=\"widget\" data-widget_type=\"button.default\">\n\t\t\t\t<div class=\"elementor-widget-container\">\n\t\t\t\t\t\t\t\t\t<div class=\"elementor-button-wrapper\">\n\t\t\t\t\t<a class=\"elementor-button elementor-button-link elementor-size-xs\" href=\"https:\/\/www.venturecup.se\/newsroom-2\/#\/pressreleases\/water-challenge-2023-aarets-finalister-3236310\" target=\"_blank\">\n\t\t\t\t\t\t<span class=\"elementor-button-content-wrapper\">\n\t\t\t\t\t\t\t\t\t<span class=\"elementor-button-text\">M\u00f6t \u00e5rets finalister!<\/span>\n\t\t\t\t\t<\/span>\n\t\t\t\t\t<\/a>\n\t\t\t\t<\/div>\n\t\t\t\t\t\t\t\t<\/div>\n\t\t\t\t<\/div>\n\t\t\t\t<div class=\"elementor-element elementor-element-20b9651 elementor-widget elementor-widget-button\" data-id=\"20b9651\" data-element_type=\"widget\" data-e-type=\"widget\" data-widget_type=\"button.default\">\n\t\t\t\t<div class=\"elementor-widget-container\">\n\t\t\t\t\t\t\t\t\t<div class=\"elementor-button-wrapper\">\n\t\t\t\t\t<a class=\"elementor-button elementor-button-link elementor-size-xl\" href=\"https:\/\/www.venturecup.se\/newsroom-2\/#\/pressreleases\/haer-aer-vinnarna-i-water-challenge-2023-3238094\" target=\"_blank\">\n\t\t\t\t\t\t<span class=\"elementor-button-content-wrapper\">\n\t\t\t\t\t\t\t\t\t<span class=\"elementor-button-text\">H\u00e4r \u00e4r vinnarna i Water Challenge 2023!<\/span>\n\t\t\t\t\t<\/span>\n\t\t\t\t\t<\/a>\n\t\t\t\t<\/div>\n\t\t\t\t\t\t\t\t<\/div>\n\t\t\t\t<\/div>\n\t\t\t\t\t<\/div>\n\t\t<\/div>\n\t\t\t\t\t<\/div>\n\t\t<\/section>\n\t\t\t\t<section class=\"elementor-section elementor-top-section elementor-element elementor-element-5c38aba2 elementor-section-boxed elementor-section-height-default elementor-section-height-default\" data-id=\"5c38aba2\" data-element_type=\"section\" data-e-type=\"section\">\n\t\t\t\t\t\t<div class=\"elementor-container elementor-column-gap-default\">\n\t\t\t\t\t<div class=\"elementor-column elementor-col-100 elementor-top-column elementor-element elementor-element-7488c9e3\" data-id=\"7488c9e3\" data-element_type=\"column\" data-e-type=\"column\">\n\t\t\t<div class=\"elementor-widget-wrap elementor-element-populated\">\n\t\t\t\t\t\t<div class=\"elementor-element elementor-element-36e0fb2f elementor-widget elementor-widget-image\" data-id=\"36e0fb2f\" data-element_type=\"widget\" data-e-type=\"widget\" data-widget_type=\"image.default\">\n\t\t\t\t<div class=\"elementor-widget-container\">\n\t\t\t\t\t\t\t\t\t\t\t\t\t\t\t<img decoding=\"async\" width=\"300\" height=\"140\" src=\"https:\/\/www.venturecup.se\/wp-content\/uploads\/2022\/11\/Water-Challenge-2022-2-1-300x140.png\" class=\"attachment-medium size-medium wp-image-5873\" alt=\"\" srcset=\"https:\/\/www.venturecup.se\/wp-content\/uploads\/2022\/11\/Water-Challenge-2022-2-1-300x140.png 300w, https:\/\/www.venturecup.se\/wp-content\/uploads\/2022\/11\/Water-Challenge-2022-2-1-768x360.png 768w, https:\/\/www.venturecup.se\/wp-content\/uploads\/2022\/11\/Water-Challenge-2022-2-1-18x8.png 18w, https:\/\/www.venturecup.se\/wp-content\/uploads\/2022\/11\/Water-Challenge-2022-2-1.png 801w\" sizes=\"(max-width: 300px) 100vw, 300px\" \/>\t\t\t\t\t\t\t\t\t\t\t\t\t\t\t<\/div>\n\t\t\t\t<\/div>\n\t\t\t\t<div class=\"elementor-element elementor-element-7df0245 elementor-widget elementor-widget-heading\" data-id=\"7df0245\" data-element_type=\"widget\" data-e-type=\"widget\" data-widget_type=\"heading.default\">\n\t\t\t\t<div class=\"elementor-widget-container\">\n\t\t\t\t\t<h3 class=\"elementor-heading-title elementor-size-default\">Presenteras i samarbete med<\/h3>\t\t\t\t<\/div>\n\t\t\t\t<\/div>\n\t\t\t\t\t<\/div>\n\t\t<\/div>\n\t\t\t\t\t<\/div>\n\t\t<\/section>\n\t\t\t\t<section class=\"elementor-section elementor-top-section elementor-element elementor-element-1a0191e3 elementor-section-boxed elementor-section-height-default elementor-section-height-default\" data-id=\"1a0191e3\" data-element_type=\"section\" data-e-type=\"section\">\n\t\t\t\t\t\t<div class=\"elementor-container elementor-column-gap-default\">\n\t\t\t\t\t<div class=\"elementor-column elementor-col-50 elementor-top-column elementor-element elementor-element-54c8be8c\" data-id=\"54c8be8c\" data-element_type=\"column\" data-e-type=\"column\">\n\t\t\t<div class=\"elementor-widget-wrap elementor-element-populated\">\n\t\t\t\t\t\t<div class=\"elementor-element elementor-element-794e9362 elementor-widget elementor-widget-image\" data-id=\"794e9362\" data-element_type=\"widget\" data-e-type=\"widget\" data-widget_type=\"image.default\">\n\t\t\t\t<div class=\"elementor-widget-container\">\n\t\t\t\t\t\t\t\t\t\t\t\t\t\t\t<img loading=\"lazy\" decoding=\"async\" width=\"800\" height=\"385\" src=\"https:\/\/www.venturecup.se\/wp-content\/uploads\/2022\/11\/Waterchallenge_Partners_v2-1024x493.png\" class=\"attachment-large size-large wp-image-6017\" alt=\"\" srcset=\"https:\/\/www.venturecup.se\/wp-content\/uploads\/2022\/11\/Waterchallenge_Partners_v2-1024x493.png 1024w, https:\/\/www.venturecup.se\/wp-content\/uploads\/2022\/11\/Waterchallenge_Partners_v2-300x144.png 300w, https:\/\/www.venturecup.se\/wp-content\/uploads\/2022\/11\/Waterchallenge_Partners_v2-768x370.png 768w, https:\/\/www.venturecup.se\/wp-content\/uploads\/2022\/11\/Waterchallenge_Partners_v2-1536x739.png 1536w, https:\/\/www.venturecup.se\/wp-content\/uploads\/2022\/11\/Waterchallenge_Partners_v2-18x9.png 18w, https:\/\/www.venturecup.se\/wp-content\/uploads\/2022\/11\/Waterchallenge_Partners_v2.png 1849w\" sizes=\"(max-width: 800px) 100vw, 800px\" \/>\t\t\t\t\t\t\t\t\t\t\t\t\t\t\t<\/div>\n\t\t\t\t<\/div>\n\t\t\t\t\t<\/div>\n\t\t<\/div>\n\t\t\t\t<div class=\"elementor-column elementor-col-50 elementor-top-column elementor-element elementor-element-1e8569c8\" data-id=\"1e8569c8\" data-element_type=\"column\" data-e-type=\"column\">\n\t\t\t<div class=\"elementor-widget-wrap elementor-element-populated\">\n\t\t\t\t\t\t<div class=\"elementor-element elementor-element-58188bbd elementor-widget elementor-widget-image\" data-id=\"58188bbd\" data-element_type=\"widget\" data-e-type=\"widget\" data-widget_type=\"image.default\">\n\t\t\t\t<div class=\"elementor-widget-container\">\n\t\t\t\t\t\t\t\t\t\t\t\t\t\t\t<img loading=\"lazy\" decoding=\"async\" width=\"800\" height=\"617\" src=\"https:\/\/www.venturecup.se\/wp-content\/uploads\/2022\/11\/Waterchallenge_Huvudpartner-2.png\" class=\"attachment-large size-large wp-image-5900\" alt=\"\" srcset=\"https:\/\/www.venturecup.se\/wp-content\/uploads\/2022\/11\/Waterchallenge_Huvudpartner-2.png 1012w, https:\/\/www.venturecup.se\/wp-content\/uploads\/2022\/11\/Waterchallenge_Huvudpartner-2-300x231.png 300w, https:\/\/www.venturecup.se\/wp-content\/uploads\/2022\/11\/Waterchallenge_Huvudpartner-2-768x592.png 768w, https:\/\/www.venturecup.se\/wp-content\/uploads\/2022\/11\/Waterchallenge_Huvudpartner-2-16x12.png 16w\" sizes=\"(max-width: 800px) 100vw, 800px\" \/>\t\t\t\t\t\t\t\t\t\t\t\t\t\t\t<\/div>\n\t\t\t\t<\/div>\n\t\t\t\t\t<\/div>\n\t\t<\/div>\n\t\t\t\t\t<\/div>\n\t\t<\/section>\n\t\t\t\t<section class=\"elementor-section elementor-top-section elementor-element elementor-element-794468c1 elementor-section-full_width elementor-section-height-default elementor-section-height-default\" data-id=\"794468c1\" data-element_type=\"section\" data-e-type=\"section\">\n\t\t\t\t\t\t<div class=\"elementor-container elementor-column-gap-default\">\n\t\t\t\t\t<div class=\"elementor-column elementor-col-100 elementor-top-column elementor-element elementor-element-18433800\" data-id=\"18433800\" data-element_type=\"column\" data-e-type=\"column\">\n\t\t\t<div class=\"elementor-widget-wrap\">\n\t\t\t\t\t\t\t<\/div>\n\t\t<\/div>\n\t\t\t\t\t<\/div>\n\t\t<\/section>\n\t\t\t\t<\/div>\n\t\t","protected":false},"excerpt":{"rendered":"<p>Antar du utmaningen? T\u00e4vlingen \u00e4r st\u00e4ngd. Water Challenge \u00e4r t\u00e4vlingen f\u00f6r dig som har en id\u00e9 f\u00f6r hantering av vattenresurser och h\u00e5llbar vattenf\u00f6rs\u00f6rjning. T\u00e4vlingen \u00e4r \u00f6ppen f\u00f6r entrepren\u00f6rer och startups som inte har en oms\u00e4ttning eller externt kapital p\u00e5 mer \u00e4n 3 miljoner under t\u00e4vlingsprocessen. Genom att delta i t\u00e4vlingen ges m\u00f6jligheten f\u00f6r startups och [&hellip;]<\/p>\n","protected":false},"author":5,"featured_media":0,"parent":0,"menu_order":0,"comment_status":"closed","ping_status":"closed","template":"","meta":{"om_disable_all_campaigns":false,"_monsterinsights_skip_tracking":false,"_monsterinsights_sitenote_active":false,"_monsterinsights_sitenote_note":"","_monsterinsights_sitenote_category":0,"footnotes":""},"class_list":["post-5827","page","type-page","status-publish","hentry"],"_links":{"self":[{"href":"https:\/\/www.venturecup.se\/sv\/wp-json\/wp\/v2\/pages\/5827","targetHints":{"allow":["GET"]}}],"collection":[{"href":"https:\/\/www.venturecup.se\/sv\/wp-json\/wp\/v2\/pages"}],"about":[{"href":"https:\/\/www.venturecup.se\/sv\/wp-json\/wp\/v2\/types\/page"}],"author":[{"embeddable":true,"href":"https:\/\/www.venturecup.se\/sv\/wp-json\/wp\/v2\/users\/5"}],"replies":[{"embeddable":true,"href":"https:\/\/www.venturecup.se\/sv\/wp-json\/wp\/v2\/comments?post=5827"}],"version-history":[{"count":48,"href":"https:\/\/www.venturecup.se\/sv\/wp-json\/wp\/v2\/pages\/5827\/revisions"}],"predecessor-version":[{"id":6932,"href":"https:\/\/www.venturecup.se\/sv\/wp-json\/wp\/v2\/pages\/5827\/revisions\/6932"}],"wp:attachment":[{"href":"https:\/\/www.venturecup.se\/sv\/wp-json\/wp\/v2\/media?parent=5827"}],"curies":[{"name":"wp","href":"https:\/\/api.w.org\/{rel}","templated":true}]}}