{"id":577,"date":"2021-11-24T17:38:50","date_gmt":"2021-11-24T16:38:50","guid":{"rendered":"https:\/\/venturecup.appli-shop.com\/?page_id=577"},"modified":"2025-12-29T15:32:52","modified_gmt":"2025-12-29T14:32:52","slug":"kurs","status":"publish","type":"page","link":"https:\/\/www.venturecup.se\/sv\/utbildningar\/kurs\/","title":{"rendered":"Kurs"},"content":{"rendered":"\t\t<div data-elementor-type=\"wp-page\" data-elementor-id=\"577\" class=\"elementor elementor-577\" data-elementor-post-type=\"page\">\n\t\t\t\t\t\t<section class=\"elementor-section elementor-top-section elementor-element elementor-element-685caca9 elementor-section-boxed elementor-section-height-default elementor-section-height-default\" data-id=\"685caca9\" data-element_type=\"section\" data-e-type=\"section\" data-settings=\"{&quot;background_background&quot;:&quot;video&quot;,&quot;background_video_link&quot;:&quot;https:\\\/\\\/youtu.be\\\/FHgHqANktbU&quot;}\">\n\t\t\t\t\t\t\t\t<div class=\"elementor-background-video-container elementor-hidden-mobile\">\n\t\t\t\t\t\t\t\t\t\t\t\t\t<div class=\"elementor-background-video-embed\" role=\"presentation\"><\/div>\n\t\t\t\t\t\t\t\t\t\t\t\t<\/div>\n\t\t\t\t\t\t\t\t\t<div class=\"elementor-background-overlay\"><\/div>\n\t\t\t\t\t\t\t<div class=\"elementor-container elementor-column-gap-default\">\n\t\t\t\t\t<div class=\"elementor-column elementor-col-100 elementor-top-column elementor-element elementor-element-27209f6f\" data-id=\"27209f6f\" data-element_type=\"column\" data-e-type=\"column\">\n\t\t\t<div class=\"elementor-widget-wrap elementor-element-populated\">\n\t\t\t\t\t\t<section class=\"elementor-section elementor-inner-section elementor-element elementor-element-69b8d163 elementor-section-boxed elementor-section-height-default elementor-section-height-default\" data-id=\"69b8d163\" data-element_type=\"section\" data-e-type=\"section\" data-settings=\"{&quot;background_background&quot;:&quot;classic&quot;}\">\n\t\t\t\t\t\t<div class=\"elementor-container elementor-column-gap-default\">\n\t\t\t\t\t<div class=\"elementor-column elementor-col-100 elementor-inner-column elementor-element elementor-element-11c9556b\" data-id=\"11c9556b\" data-element_type=\"column\" data-e-type=\"column\">\n\t\t\t<div class=\"elementor-widget-wrap elementor-element-populated\">\n\t\t\t\t\t\t<div class=\"elementor-element elementor-element-65cc69c6 elementor-widget elementor-widget-heading\" data-id=\"65cc69c6\" data-element_type=\"widget\" data-e-type=\"widget\" data-widget_type=\"heading.default\">\n\t\t\t\t<div class=\"elementor-widget-container\">\n\t\t\t\t\t<h1 class=\"elementor-heading-title elementor-size-default\">Kurs<\/h1>\t\t\t\t<\/div>\n\t\t\t\t<\/div>\n\t\t\t\t<div class=\"elementor-element elementor-element-51d85667 elementor-widget elementor-widget-text-editor\" data-id=\"51d85667\" data-element_type=\"widget\" data-e-type=\"widget\" data-widget_type=\"text-editor.default\">\n\t\t\t\t<div class=\"elementor-widget-container\">\n\t\t\t\t\t\t\t\t\t<p>Aff\u00e4rsplanering f\u00f6r tillv\u00e4xtf\u00f6retag<\/p>\t\t\t\t\t\t\t\t<\/div>\n\t\t\t\t<\/div>\n\t\t\t\t<div class=\"elementor-element elementor-element-5e4b62cd elementor-widget-divider--view-line elementor-widget elementor-widget-divider\" data-id=\"5e4b62cd\" data-element_type=\"widget\" data-e-type=\"widget\" data-widget_type=\"divider.default\">\n\t\t\t\t<div class=\"elementor-widget-container\">\n\t\t\t\t\t\t\t<div class=\"elementor-divider\">\n\t\t\t<span class=\"elementor-divider-separator\">\n\t\t\t\t\t\t<\/span>\n\t\t<\/div>\n\t\t\t\t\t\t<\/div>\n\t\t\t\t<\/div>\n\t\t\t\t\t<\/div>\n\t\t<\/div>\n\t\t\t\t\t<\/div>\n\t\t<\/section>\n\t\t\t\t\t<\/div>\n\t\t<\/div>\n\t\t\t\t\t<\/div>\n\t\t<\/section>\n\t\t\t\t<section class=\"elementor-section elementor-top-section elementor-element elementor-element-cdabf35 elementor-reverse-tablet elementor-reverse-mobile elementor-section-boxed elementor-section-height-default elementor-section-height-default\" data-id=\"cdabf35\" data-element_type=\"section\" data-e-type=\"section\">\n\t\t\t\t\t\t<div class=\"elementor-container elementor-column-gap-default\">\n\t\t\t\t\t<div class=\"elementor-column elementor-col-50 elementor-top-column elementor-element elementor-element-c583038\" data-id=\"c583038\" data-element_type=\"column\" data-e-type=\"column\">\n\t\t\t<div class=\"elementor-widget-wrap elementor-element-populated\">\n\t\t\t\t\t\t<div class=\"elementor-element elementor-element-b207157 elementor-widget elementor-widget-heading\" data-id=\"b207157\" data-element_type=\"widget\" data-e-type=\"widget\" data-widget_type=\"heading.default\">\n\t\t\t\t<div class=\"elementor-widget-container\">\n\t\t\t\t\t<h2 class=\"elementor-heading-title elementor-size-default\">Den perfekta kursen f\u00f6r framtidens entrepren\u00f6rer<\/h2>\t\t\t\t<\/div>\n\t\t\t\t<\/div>\n\t\t\t\t<div class=\"elementor-element elementor-element-b50dac1 elementor-widget elementor-widget-text-editor\" data-id=\"b50dac1\" data-element_type=\"widget\" data-e-type=\"widget\" data-widget_type=\"text-editor.default\">\n\t\t\t\t<div class=\"elementor-widget-container\">\n\t\t\t\t\t\t\t\t\t<p class=\"vc_custom_heading left_text\"><em>The lectures and digital workshops in \u201cAff\u00e4rsplanering f\u00f6r tillv\u00e4xtf\u00f6retag\u201d will still be held in Swedish. Venture Cup are looking into the possibilities of perhaps changing the language to English in the future.<\/em><\/p><p class=\"vc_custom_heading left_text\">Kursen Aff\u00e4rsplanering f\u00f6r tillv\u00e4xtf\u00f6retag \u00e4r ett samarbete mellan Venture Cup, Chalmers Tekniska H\u00f6gskola och G\u00f6teborgs universitet.\u00a0<br \/><span style=\"color: var( --e-global-color-cd49f5c ); background-color: var( --e-global-color-617b1d17 );\">Kursen omfattar <\/span><strong style=\"color: var( --e-global-color-cd49f5c ); background-color: var( --e-global-color-617b1d17 );\">7,5 h\u00f6gskolepo\u00e4ng<\/strong><span style=\"color: var( --e-global-color-cd49f5c ); background-color: var( --e-global-color-617b1d17 );\"> och kan s\u00f6kas av alla med grundl\u00e4ggande h\u00f6gskolebeh\u00f6righet. Venture Cups roll i kursen \u00e4r att ansvara f\u00f6r uppl\u00e4gget, hitta och boka intressanta f\u00f6rel\u00e4sare. Alla f\u00f6rel\u00e4sare p\u00e5 kursen \u00e4r personer fr\u00e5n v\u00e5rt professionella n\u00e4tverk som \u00e4r experter inom just det omr\u00e5de av aff\u00e4rsutveckling som de f\u00f6rel\u00e4ser om.<\/span><\/p><p class=\"vc_custom_heading left_text\">Alla v\u00e5ra f\u00f6rel\u00e4sningar \u00e4r ocks\u00e5 \u00f6ppna f\u00f6r allm\u00e4nheten, dvs. du beh\u00f6ver inte vara inskriven p\u00e5 kursen eller ta h\u00f6gskolepo\u00e4ngen f\u00f6r att delta i v\u00e5ra workshops och f\u00f6rel\u00e4sningar. Du beh\u00f6ver heller inte g\u00e5 hela kursen utan \u00e4r v\u00e4lkommen att delta p\u00e5 de f\u00f6rel\u00e4sningar och workshops som passar just dig.<\/p>\t\t\t\t\t\t\t\t<\/div>\n\t\t\t\t<\/div>\n\t\t\t\t\t<\/div>\n\t\t<\/div>\n\t\t\t\t<div class=\"elementor-column elementor-col-50 elementor-top-column elementor-element elementor-element-3f6b9be\" data-id=\"3f6b9be\" data-element_type=\"column\" data-e-type=\"column\">\n\t\t\t<div class=\"elementor-widget-wrap elementor-element-populated\">\n\t\t\t\t\t\t<div class=\"elementor-element elementor-element-b7fd08b elementor-widget elementor-widget-image\" data-id=\"b7fd08b\" data-element_type=\"widget\" data-e-type=\"widget\" data-widget_type=\"image.default\">\n\t\t\t\t<div class=\"elementor-widget-container\">\n\t\t\t\t\t\t\t\t\t\t\t\t\t\t\t<img fetchpriority=\"high\" decoding=\"async\" width=\"800\" height=\"600\" src=\"https:\/\/www.venturecup.se\/wp-content\/uploads\/2021\/11\/university-students-studying-together-2021-08-26-22-39-50-utc-1024x768.jpg\" class=\"attachment-large size-large wp-image-1073\" alt=\"\" srcset=\"https:\/\/www.venturecup.se\/wp-content\/uploads\/2021\/11\/university-students-studying-together-2021-08-26-22-39-50-utc-1024x768.jpg 1024w, https:\/\/www.venturecup.se\/wp-content\/uploads\/2021\/11\/university-students-studying-together-2021-08-26-22-39-50-utc-300x225.jpg 300w, https:\/\/www.venturecup.se\/wp-content\/uploads\/2021\/11\/university-students-studying-together-2021-08-26-22-39-50-utc-768x576.jpg 768w, https:\/\/www.venturecup.se\/wp-content\/uploads\/2021\/11\/university-students-studying-together-2021-08-26-22-39-50-utc-16x12.jpg 16w, https:\/\/www.venturecup.se\/wp-content\/uploads\/2021\/11\/university-students-studying-together-2021-08-26-22-39-50-utc.jpg 1500w\" sizes=\"(max-width: 800px) 100vw, 800px\" \/>\t\t\t\t\t\t\t\t\t\t\t\t\t\t\t<\/div>\n\t\t\t\t<\/div>\n\t\t\t\t\t<\/div>\n\t\t<\/div>\n\t\t\t\t\t<\/div>\n\t\t<\/section>\n\t\t\t\t<section class=\"elementor-section elementor-top-section elementor-element elementor-element-7cfa865 elementor-section-boxed elementor-section-height-default elementor-section-height-default\" data-id=\"7cfa865\" data-element_type=\"section\" data-e-type=\"section\" data-settings=\"{&quot;background_background&quot;:&quot;gradient&quot;}\">\n\t\t\t\t\t\t<div class=\"elementor-container elementor-column-gap-default\">\n\t\t\t\t\t<div class=\"elementor-column elementor-col-100 elementor-top-column elementor-element elementor-element-e9200a8\" data-id=\"e9200a8\" data-element_type=\"column\" data-e-type=\"column\">\n\t\t\t<div class=\"elementor-widget-wrap elementor-element-populated\">\n\t\t\t\t\t\t<div class=\"elementor-element elementor-element-37a9025 elementor-view-default elementor-widget elementor-widget-icon\" data-id=\"37a9025\" data-element_type=\"widget\" data-e-type=\"widget\" data-widget_type=\"icon.default\">\n\t\t\t\t<div class=\"elementor-widget-container\">\n\t\t\t\t\t\t\t<div class=\"elementor-icon-wrapper\">\n\t\t\t<div class=\"elementor-icon\">\n\t\t\t<i aria-hidden=\"true\" class=\"fas fa-clipboard-list\"><\/i>\t\t\t<\/div>\n\t\t<\/div>\n\t\t\t\t\t\t<\/div>\n\t\t\t\t<\/div>\n\t\t\t\t<div class=\"elementor-element elementor-element-eb1359a elementor-widget elementor-widget-heading\" data-id=\"eb1359a\" data-element_type=\"widget\" data-e-type=\"widget\" data-widget_type=\"heading.default\">\n\t\t\t\t<div class=\"elementor-widget-container\">\n\t\t\t\t\t<h2 class=\"elementor-heading-title elementor-size-default\">Kursens utformning<\/h2>\t\t\t\t<\/div>\n\t\t\t\t<\/div>\n\t\t\t\t<div class=\"elementor-element elementor-element-81efef0 elementor-widget elementor-widget-text-editor\" data-id=\"81efef0\" data-element_type=\"widget\" data-e-type=\"widget\" data-widget_type=\"text-editor.default\">\n\t\t\t\t<div class=\"elementor-widget-container\">\n\t\t\t\t\t\t\t\t\t<p>Genom en rad sp\u00e4nnande f\u00f6rel\u00e4sningar och workshops behandlar vi de viktigaste delarna inom aff\u00e4rsplanering s\u00e5som varum\u00e4rke, patent, l\u00f6nsamhet, redovisning, finansiering, f\u00f6rs\u00e4ljning och mycket mer! Kursen bedrivs p\u00e5 kv\u00e4llstid med en workshop\/f\u00f6rel\u00e4sningar i veckan. Kurstillf\u00e4llena sker fr\u00e4mst p\u00e5 tisdagar kl 18:00-19:30<\/p>\t\t\t\t\t\t\t\t<\/div>\n\t\t\t\t<\/div>\n\t\t\t\t<div class=\"elementor-element elementor-element-2f38608 elementor-button-success elementor-align-center elementor-mobile-align-center elementor-widget elementor-widget-button\" data-id=\"2f38608\" data-element_type=\"widget\" data-e-type=\"widget\" data-widget_type=\"button.default\">\n\t\t\t\t<div class=\"elementor-widget-container\">\n\t\t\t\t\t\t\t\t\t<div class=\"elementor-button-wrapper\">\n\t\t\t\t\t<a class=\"elementor-button elementor-button-link elementor-size-md\" href=\"https:\/\/www.venturecup.se\/utbildningar\/kurs\/kurstillfallen\/\">\n\t\t\t\t\t\t<span class=\"elementor-button-content-wrapper\">\n\t\t\t\t\t\t\t\t\t<span class=\"elementor-button-text\">Till workshops och f\u00f6rel\u00e4sningar<\/span>\n\t\t\t\t\t<\/span>\n\t\t\t\t\t<\/a>\n\t\t\t\t<\/div>\n\t\t\t\t\t\t\t\t<\/div>\n\t\t\t\t<\/div>\n\t\t\t\t<div class=\"elementor-element elementor-element-46bebcf elementor-widget elementor-widget-text-editor\" data-id=\"46bebcf\" data-element_type=\"widget\" data-e-type=\"widget\" data-widget_type=\"text-editor.default\">\n\t\t\t\t<div class=\"elementor-widget-container\">\n\t\t\t\t\t\t\t\t\t<p>Examination sker genom en skriftlig inl\u00e4mning samt uppfyllande av n\u00e4rvarokravet. F\u00f6r ytterligare information se studieanvining nedan.<\/p>\t\t\t\t\t\t\t\t<\/div>\n\t\t\t\t<\/div>\n\t\t\t\t<section class=\"elementor-section elementor-inner-section elementor-element elementor-element-7f1f275 elementor-section-boxed elementor-section-height-default elementor-section-height-default\" data-id=\"7f1f275\" data-element_type=\"section\" data-e-type=\"section\">\n\t\t\t\t\t\t<div class=\"elementor-container elementor-column-gap-default\">\n\t\t\t\t\t<div class=\"elementor-column elementor-col-33 elementor-inner-column elementor-element elementor-element-fe9f8a0\" data-id=\"fe9f8a0\" data-element_type=\"column\" data-e-type=\"column\">\n\t\t\t<div class=\"elementor-widget-wrap elementor-element-populated\">\n\t\t\t\t\t\t<div class=\"elementor-element elementor-element-3bc99a6 elementor-button-success elementor-align-right elementor-mobile-align-center elementor-widget elementor-widget-button\" data-id=\"3bc99a6\" data-element_type=\"widget\" data-e-type=\"widget\" data-widget_type=\"button.default\">\n\t\t\t\t<div class=\"elementor-widget-container\">\n\t\t\t\t\t\t\t\t\t<div class=\"elementor-button-wrapper\">\n\t\t\t\t\t<a class=\"elementor-button elementor-button-link elementor-size-md\" href=\"https:\/\/www.venturecup.se\/utbildningar\/kurs\/studieanvisning-ht-21\/\">\n\t\t\t\t\t\t<span class=\"elementor-button-content-wrapper\">\n\t\t\t\t\t\t\t\t\t<span class=\"elementor-button-text\">Till studieanvisning<\/span>\n\t\t\t\t\t<\/span>\n\t\t\t\t\t<\/a>\n\t\t\t\t<\/div>\n\t\t\t\t\t\t\t\t<\/div>\n\t\t\t\t<\/div>\n\t\t\t\t\t<\/div>\n\t\t<\/div>\n\t\t\t\t<div class=\"elementor-column elementor-col-33 elementor-inner-column elementor-element elementor-element-216b08b\" data-id=\"216b08b\" data-element_type=\"column\" data-e-type=\"column\">\n\t\t\t<div class=\"elementor-widget-wrap elementor-element-populated\">\n\t\t\t\t\t\t<div class=\"elementor-element elementor-element-b1f52c8 elementor-button-success elementor-align-center elementor-mobile-align-center elementor-widget elementor-widget-button\" data-id=\"b1f52c8\" data-element_type=\"widget\" data-e-type=\"widget\" data-widget_type=\"button.default\">\n\t\t\t\t<div class=\"elementor-widget-container\">\n\t\t\t\t\t\t\t\t\t<div class=\"elementor-button-wrapper\">\n\t\t\t\t\t<a class=\"elementor-button elementor-button-link elementor-size-md\" href=\"https:\/\/www.venturecup.se\/utbildningar\/kurs\/inlamningsuppgift-1\/\">\n\t\t\t\t\t\t<span class=\"elementor-button-content-wrapper\">\n\t\t\t\t\t\t\t\t\t<span class=\"elementor-button-text\">Inl\u00e4mningsuppgift 1<\/span>\n\t\t\t\t\t<\/span>\n\t\t\t\t\t<\/a>\n\t\t\t\t<\/div>\n\t\t\t\t\t\t\t\t<\/div>\n\t\t\t\t<\/div>\n\t\t\t\t\t<\/div>\n\t\t<\/div>\n\t\t\t\t<div class=\"elementor-column elementor-col-33 elementor-inner-column elementor-element elementor-element-b341033\" data-id=\"b341033\" data-element_type=\"column\" data-e-type=\"column\">\n\t\t\t<div class=\"elementor-widget-wrap elementor-element-populated\">\n\t\t\t\t\t\t<div class=\"elementor-element elementor-element-f7c16ff elementor-button-success elementor-align-left elementor-mobile-align-center elementor-widget elementor-widget-button\" data-id=\"f7c16ff\" data-element_type=\"widget\" data-e-type=\"widget\" data-widget_type=\"button.default\">\n\t\t\t\t<div class=\"elementor-widget-container\">\n\t\t\t\t\t\t\t\t\t<div class=\"elementor-button-wrapper\">\n\t\t\t\t\t<a class=\"elementor-button elementor-button-link elementor-size-md\" href=\"https:\/\/www.venturecup.se\/utbildningar\/kurs\/inlamningsuppgift-2\/\">\n\t\t\t\t\t\t<span class=\"elementor-button-content-wrapper\">\n\t\t\t\t\t\t\t\t\t<span class=\"elementor-button-text\">Inl\u00e4mningsuppgift 2<\/span>\n\t\t\t\t\t<\/span>\n\t\t\t\t\t<\/a>\n\t\t\t\t<\/div>\n\t\t\t\t\t\t\t\t<\/div>\n\t\t\t\t<\/div>\n\t\t\t\t\t<\/div>\n\t\t<\/div>\n\t\t\t\t\t<\/div>\n\t\t<\/section>\n\t\t\t\t\t<\/div>\n\t\t<\/div>\n\t\t\t\t\t<\/div>\n\t\t<\/section>\n\t\t\t\t<section class=\"elementor-section elementor-top-section elementor-element elementor-element-bef86bf elementor-section-boxed elementor-section-height-default elementor-section-height-default\" data-id=\"bef86bf\" data-element_type=\"section\" data-e-type=\"section\">\n\t\t\t\t\t\t<div class=\"elementor-container elementor-column-gap-default\">\n\t\t\t\t\t<div class=\"elementor-column elementor-col-50 elementor-top-column elementor-element elementor-element-3c1fa1d\" data-id=\"3c1fa1d\" data-element_type=\"column\" data-e-type=\"column\">\n\t\t\t<div class=\"elementor-widget-wrap elementor-element-populated\">\n\t\t\t\t\t\t<div class=\"elementor-element elementor-element-910e39b elementor-widget elementor-widget-image\" data-id=\"910e39b\" data-element_type=\"widget\" data-e-type=\"widget\" data-widget_type=\"image.default\">\n\t\t\t\t<div class=\"elementor-widget-container\">\n\t\t\t\t\t\t\t\t\t\t\t\t\t\t\t<img decoding=\"async\" width=\"800\" height=\"534\" src=\"https:\/\/www.venturecup.se\/wp-content\/uploads\/2021\/11\/man-lecturing-students-in-a-university-lecture-the-2021-08-26-16-12-53-utc-1024x683.jpg\" class=\"attachment-large size-large wp-image-1072\" alt=\"\" srcset=\"https:\/\/www.venturecup.se\/wp-content\/uploads\/2021\/11\/man-lecturing-students-in-a-university-lecture-the-2021-08-26-16-12-53-utc-1024x683.jpg 1024w, https:\/\/www.venturecup.se\/wp-content\/uploads\/2021\/11\/man-lecturing-students-in-a-university-lecture-the-2021-08-26-16-12-53-utc-300x200.jpg 300w, https:\/\/www.venturecup.se\/wp-content\/uploads\/2021\/11\/man-lecturing-students-in-a-university-lecture-the-2021-08-26-16-12-53-utc-768x512.jpg 768w, https:\/\/www.venturecup.se\/wp-content\/uploads\/2021\/11\/man-lecturing-students-in-a-university-lecture-the-2021-08-26-16-12-53-utc-18x12.jpg 18w, https:\/\/www.venturecup.se\/wp-content\/uploads\/2021\/11\/man-lecturing-students-in-a-university-lecture-the-2021-08-26-16-12-53-utc.jpg 1500w\" sizes=\"(max-width: 800px) 100vw, 800px\" \/>\t\t\t\t\t\t\t\t\t\t\t\t\t\t\t<\/div>\n\t\t\t\t<\/div>\n\t\t\t\t\t<\/div>\n\t\t<\/div>\n\t\t\t\t<div class=\"elementor-column elementor-col-50 elementor-top-column elementor-element elementor-element-cab1373\" data-id=\"cab1373\" data-element_type=\"column\" data-e-type=\"column\">\n\t\t\t<div class=\"elementor-widget-wrap elementor-element-populated\">\n\t\t\t\t\t\t<div class=\"elementor-element elementor-element-3bdf759 elementor-widget elementor-widget-heading\" data-id=\"3bdf759\" data-element_type=\"widget\" data-e-type=\"widget\" data-widget_type=\"heading.default\">\n\t\t\t\t<div class=\"elementor-widget-container\">\n\t\t\t\t\t<h2 class=\"elementor-heading-title elementor-size-default\">F\u00f6rel\u00e4sare fr\u00e5n n\u00e4ringslivet<\/h2>\t\t\t\t<\/div>\n\t\t\t\t<\/div>\n\t\t\t\t<div class=\"elementor-element elementor-element-77e76d0 elementor-widget elementor-widget-text-editor\" data-id=\"77e76d0\" data-element_type=\"widget\" data-e-type=\"widget\" data-widget_type=\"text-editor.default\">\n\t\t\t\t<div class=\"elementor-widget-container\">\n\t\t\t\t\t\t\t\t\t<p>Alla f\u00f6rel\u00e4sningar h\u00e5lls av experter fr\u00e5n n\u00e4ringslivet som erbjuder sin kompetens helt ideellt och utv\u00e4rderas med imponerande resultat varje \u00e5r.<\/p><p>Du f\u00e5r bl.a. tr\u00e4ffa specialister, jurister, entrepren\u00f6rer och personer med en l\u00e5ng och framg\u00e5ngsrik karri\u00e4r inom n\u00e4ringslivet. Varje \u00e4mne behandlas av en expert inom just detta omr\u00e5de.<\/p>\t\t\t\t\t\t\t\t<\/div>\n\t\t\t\t<\/div>\n\t\t\t\t\t<\/div>\n\t\t<\/div>\n\t\t\t\t\t<\/div>\n\t\t<\/section>\n\t\t\t\t<section class=\"elementor-section elementor-top-section elementor-element elementor-element-6441eb0 elementor-section-boxed elementor-section-height-default elementor-section-height-default\" data-id=\"6441eb0\" data-element_type=\"section\" data-e-type=\"section\">\n\t\t\t\t\t\t<div class=\"elementor-container elementor-column-gap-default\">\n\t\t\t\t\t<div class=\"elementor-column elementor-col-100 elementor-top-column elementor-element elementor-element-716eb5f\" data-id=\"716eb5f\" data-element_type=\"column\" data-e-type=\"column\">\n\t\t\t<div class=\"elementor-widget-wrap elementor-element-populated\">\n\t\t\t\t\t\t<div class=\"elementor-element elementor-element-6fba3de elementor-widget elementor-widget-heading\" data-id=\"6fba3de\" data-element_type=\"widget\" data-e-type=\"widget\" data-widget_type=\"heading.default\">\n\t\t\t\t<div class=\"elementor-widget-container\">\n\t\t\t\t\t<h2 class=\"elementor-heading-title elementor-size-default\">\u00d6vrigt kursmaterial<\/h2>\t\t\t\t<\/div>\n\t\t\t\t<\/div>\n\t\t\t\t<div class=\"elementor-element elementor-element-9583851 elementor-widget elementor-widget-text-editor\" data-id=\"9583851\" data-element_type=\"widget\" data-e-type=\"widget\" data-widget_type=\"text-editor.default\">\n\t\t\t\t<div class=\"elementor-widget-container\">\n\t\t\t\t\t\t\t\t\t<p>Inf\u00f6r varje kurstillf\u00e4lle rekommenderar vi att ni l\u00e4st p\u00e5 om dagens f\u00f6rel\u00e4sare och f\u00f6rberett relevanta fr\u00e5gor. Vi uppmuntrar dessutom till att kika p\u00e5 relevanta omr\u00e5den i kursboken Aff\u00e4rsplanering: en handbok f\u00f6r nya tillv\u00e4xtf\u00f6retag, dock \u00e4r kursboken inte obligatorisk men ett bra komplement till kurstillf\u00e4llena. Ett tips \u00e4r ocks\u00e5 att lyssna p\u00e5 podavsnitt fr\u00e5n <a href=\"https:\/\/soundcloud.com\/venturecup\">Venture Cups podcast<\/a> som \u00e4r utn\u00e4mnd till Sveriges st\u00f6rsta entrepren\u00f6rspodcast av <strong>Entrepren\u00f6r 24<\/strong> och ber\u00f6r olika delar av aff\u00e4rsplanering. Den finner du under fliken utbildning.<\/p>\t\t\t\t\t\t\t\t<\/div>\n\t\t\t\t<\/div>\n\t\t\t\t<div class=\"elementor-element elementor-element-fc07915 elementor-widget elementor-widget-heading\" data-id=\"fc07915\" data-element_type=\"widget\" data-e-type=\"widget\" data-widget_type=\"heading.default\">\n\t\t\t\t<div class=\"elementor-widget-container\">\n\t\t\t\t\t<h2 class=\"elementor-heading-title elementor-size-default\">\u00d6vriga fr\u00e5gor? Mejla:<\/h2>\t\t\t\t<\/div>\n\t\t\t\t<\/div>\n\t\t\t\t<div class=\"elementor-element elementor-element-1efba8d elementor-icon-list--layout-traditional elementor-list-item-link-full_width elementor-widget elementor-widget-icon-list\" data-id=\"1efba8d\" data-element_type=\"widget\" data-e-type=\"widget\" data-widget_type=\"icon-list.default\">\n\t\t\t\t<div class=\"elementor-widget-container\">\n\t\t\t\t\t\t\t<ul class=\"elementor-icon-list-items\">\n\t\t\t\t\t\t\t<li class=\"elementor-icon-list-item\">\n\t\t\t\t\t\t\t\t\t\t\t<a href=\"mailto:utbildning@venturecup.se\">\n\n\t\t\t\t\t\t\t\t\t\t\t\t<span class=\"elementor-icon-list-icon\">\n\t\t\t\t\t\t\t<i aria-hidden=\"true\" class=\"far fa-envelope\"><\/i>\t\t\t\t\t\t<\/span>\n\t\t\t\t\t\t\t\t\t\t<span class=\"elementor-icon-list-text\">utbildning@venturecup.se<\/span>\n\t\t\t\t\t\t\t\t\t\t\t<\/a>\n\t\t\t\t\t\t\t\t\t<\/li>\n\t\t\t\t\t\t<\/ul>\n\t\t\t\t\t\t<\/div>\n\t\t\t\t<\/div>\n\t\t\t\t\t<\/div>\n\t\t<\/div>\n\t\t\t\t\t<\/div>\n\t\t<\/section>\n\t\t\t\t<\/div>\n\t\t","protected":false},"excerpt":{"rendered":"<p>Kurs Aff\u00e4rsplanering f\u00f6r tillv\u00e4xtf\u00f6retag Den perfekta kursen f\u00f6r framtidens entrepren\u00f6rer The lectures and digital workshops in \u201cAff\u00e4rsplanering f\u00f6r tillv\u00e4xtf\u00f6retag\u201d will still be held in Swedish. Venture Cup are looking into the possibilities of perhaps changing the language to English in the future. Kursen Aff\u00e4rsplanering f\u00f6r tillv\u00e4xtf\u00f6retag \u00e4r ett samarbete mellan Venture Cup, Chalmers Tekniska H\u00f6gskola [&hellip;]<\/p>\n","protected":false},"author":3,"featured_media":0,"parent":571,"menu_order":0,"comment_status":"closed","ping_status":"closed","template":"elementor_header_footer","meta":{"om_disable_all_campaigns":false,"_monsterinsights_skip_tracking":false,"_monsterinsights_sitenote_active":false,"_monsterinsights_sitenote_note":"","_monsterinsights_sitenote_category":0,"footnotes":""},"class_list":["post-577","page","type-page","status-publish","hentry"],"_links":{"self":[{"href":"https:\/\/www.venturecup.se\/sv\/wp-json\/wp\/v2\/pages\/577","targetHints":{"allow":["GET"]}}],"collection":[{"href":"https:\/\/www.venturecup.se\/sv\/wp-json\/wp\/v2\/pages"}],"about":[{"href":"https:\/\/www.venturecup.se\/sv\/wp-json\/wp\/v2\/types\/page"}],"author":[{"embeddable":true,"href":"https:\/\/www.venturecup.se\/sv\/wp-json\/wp\/v2\/users\/3"}],"replies":[{"embeddable":true,"href":"https:\/\/www.venturecup.se\/sv\/wp-json\/wp\/v2\/comments?post=577"}],"version-history":[{"count":69,"href":"https:\/\/www.venturecup.se\/sv\/wp-json\/wp\/v2\/pages\/577\/revisions"}],"predecessor-version":[{"id":9760,"href":"https:\/\/www.venturecup.se\/sv\/wp-json\/wp\/v2\/pages\/577\/revisions\/9760"}],"up":[{"embeddable":true,"href":"https:\/\/www.venturecup.se\/sv\/wp-json\/wp\/v2\/pages\/571"}],"wp:attachment":[{"href":"https:\/\/www.venturecup.se\/sv\/wp-json\/wp\/v2\/media?parent=577"}],"curies":[{"name":"wp","href":"https:\/\/api.w.org\/{rel}","templated":true}]}}