{"id":575,"date":"2021-11-24T17:38:23","date_gmt":"2021-11-24T16:38:23","guid":{"rendered":"https:\/\/venturecup.appli-shop.com\/?page_id=575"},"modified":"2022-01-11T13:05:49","modified_gmt":"2022-01-11T12:05:49","slug":"pitch-deck-guide","status":"publish","type":"page","link":"https:\/\/www.venturecup.se\/sv\/utbildningar\/pitch-deck-guide\/","title":{"rendered":"Pitch Deck Guide"},"content":{"rendered":"\t\t<div data-elementor-type=\"wp-page\" data-elementor-id=\"575\" class=\"elementor elementor-575\" data-elementor-post-type=\"page\">\n\t\t\t\t\t\t<section class=\"elementor-section elementor-top-section elementor-element elementor-element-241530c2 elementor-section-boxed elementor-section-height-default elementor-section-height-default\" data-id=\"241530c2\" data-element_type=\"section\" data-e-type=\"section\" data-settings=\"{&quot;background_background&quot;:&quot;classic&quot;}\">\n\t\t\t\t\t\t<div class=\"elementor-container elementor-column-gap-default\">\n\t\t\t\t\t<div class=\"elementor-column elementor-col-100 elementor-top-column elementor-element elementor-element-7c7cb834\" data-id=\"7c7cb834\" data-element_type=\"column\" data-e-type=\"column\">\n\t\t\t<div class=\"elementor-widget-wrap elementor-element-populated\">\n\t\t\t\t\t\t<section class=\"elementor-section elementor-inner-section elementor-element elementor-element-45f9b9c9 elementor-section-boxed elementor-section-height-default elementor-section-height-default\" data-id=\"45f9b9c9\" data-element_type=\"section\" data-e-type=\"section\" data-settings=\"{&quot;background_background&quot;:&quot;classic&quot;}\">\n\t\t\t\t\t\t<div class=\"elementor-container elementor-column-gap-default\">\n\t\t\t\t\t<div class=\"elementor-column elementor-col-100 elementor-inner-column elementor-element elementor-element-b8008cb\" data-id=\"b8008cb\" data-element_type=\"column\" data-e-type=\"column\">\n\t\t\t<div class=\"elementor-widget-wrap elementor-element-populated\">\n\t\t\t\t\t\t<div class=\"elementor-element elementor-element-55899d19 elementor-widget elementor-widget-heading\" data-id=\"55899d19\" data-element_type=\"widget\" data-e-type=\"widget\" data-widget_type=\"heading.default\">\n\t\t\t\t<div class=\"elementor-widget-container\">\n\t\t\t\t\t<h1 class=\"elementor-heading-title elementor-size-default\">Hur du skapar din perfekta pitch deck!<\/h1>\t\t\t\t<\/div>\n\t\t\t\t<\/div>\n\t\t\t\t<div class=\"elementor-element elementor-element-68c9a87 elementor-widget-divider--view-line elementor-widget elementor-widget-divider\" data-id=\"68c9a87\" data-element_type=\"widget\" data-e-type=\"widget\" data-widget_type=\"divider.default\">\n\t\t\t\t<div class=\"elementor-widget-container\">\n\t\t\t\t\t\t\t<div class=\"elementor-divider\">\n\t\t\t<span class=\"elementor-divider-separator\">\n\t\t\t\t\t\t<\/span>\n\t\t<\/div>\n\t\t\t\t\t\t<\/div>\n\t\t\t\t<\/div>\n\t\t\t\t\t<\/div>\n\t\t<\/div>\n\t\t\t\t\t<\/div>\n\t\t<\/section>\n\t\t\t\t\t<\/div>\n\t\t<\/div>\n\t\t\t\t\t<\/div>\n\t\t<\/section>\n\t\t\t\t<section class=\"elementor-section elementor-top-section elementor-element elementor-element-935681d elementor-section-boxed elementor-section-height-default elementor-section-height-default\" data-id=\"935681d\" data-element_type=\"section\" data-e-type=\"section\">\n\t\t\t\t\t\t<div class=\"elementor-container elementor-column-gap-default\">\n\t\t\t\t\t<div class=\"elementor-column elementor-col-100 elementor-top-column elementor-element elementor-element-ff279b7\" data-id=\"ff279b7\" data-element_type=\"column\" data-e-type=\"column\">\n\t\t\t<div class=\"elementor-widget-wrap elementor-element-populated\">\n\t\t\t\t\t\t<div class=\"elementor-element elementor-element-bc18bef elementor-widget elementor-widget-spacer\" data-id=\"bc18bef\" data-element_type=\"widget\" data-e-type=\"widget\" data-widget_type=\"spacer.default\">\n\t\t\t\t<div class=\"elementor-widget-container\">\n\t\t\t\t\t\t\t<div class=\"elementor-spacer\">\n\t\t\t<div class=\"elementor-spacer-inner\"><\/div>\n\t\t<\/div>\n\t\t\t\t\t\t<\/div>\n\t\t\t\t<\/div>\n\t\t\t\t<div class=\"elementor-element elementor-element-c73d99d elementor-widget elementor-widget-text-editor\" data-id=\"c73d99d\" data-element_type=\"widget\" data-e-type=\"widget\" data-widget_type=\"text-editor.default\">\n\t\t\t\t<div class=\"elementor-widget-container\">\n\t\t\t\t\t\t\t\t\t<p><strong>1. INTRODUKTION<\/strong><br \/>B\u00f6rja ditt pitch deck med en kort introduktion om vilka ni \u00e4r, en beskrivning av ert bolag eller dig sj\u00e4lv samt presentera syftet med er pitch. Exempelvis definiera er vision och-\/eller ert m\u00e5l f\u00f6r att sedan kunna knyta an till ert syfte och problemformulering. Det \u00e4r viktigt att du t\u00e4nker igenom vem pitchen v\u00e4nder sig till och hur den tilltalar den tillt\u00e4nkta mottagaren. T\u00e4nk ocks\u00e5 p\u00e5 att introduktionen ska f\u00e5nga mottagarens intresse s\u00e5 att den vill forts\u00e4tta l\u00e4sa.<\/p><p><strong>2. PROBLEMFORMULERING<\/strong><br \/>Definiera problemet eller behovet som ni har f\u00f6r avsikt att l\u00f6sa. Vem eller vilka har problemet och i vilken utstr\u00e4ckning? Hur stort \u00e4r det? Vad har ni utg\u00e5tt ifr\u00e5n, exempelvis marknadsunders\u00f6kningar eller intervjuer? T\u00e4nk p\u00e5 att utg\u00e5 fr\u00e5n trov\u00e4rdiga k\u00e4llor f\u00f6r att kunna motivera problemets validitet. T\u00e4nk p\u00e5 att problemformuleringen \u00e4r den mest centrala punkten i ditt pitch deck och att formulera den v\u00e4l, men t\u00e4nk p\u00e5 vem din mottagare \u00e4r.<\/p><p><strong>3. L\u00d6SNING<\/strong><br \/>Beskriv l\u00f6sningen och v\u00e4rdet det skapar f\u00f6r din m\u00e5lgrupp. Finns det fler som vinner p\u00e5 detta \u00e4n enbart den tillt\u00e4nkta m\u00e5lgruppen, exempelvis ur ett h\u00e5llbarhetsperspektiv?<\/p><p><strong>4. PRODUKT\/TJ\u00c4NST<\/strong><br \/>H\u00e4r har du m\u00f6jlighet att visa din produkt eller tj\u00e4nst, exempelvis i form av en sketch eller prototyp. Om det finns funktioner \u00e4r det bra att demonstrera de mest relevanta h\u00e4r p\u00e5 ett \u00f6vergripande s\u00e4tt d\u00e5 ett pitch deck \u00e4r en mer kortfattad och s\u00e4ljande presentation av din aff\u00e4rsid\u00e9.<\/p><p><strong>5. VERIFIKATION<\/strong><br \/>F\u00f6rklara vilka bel\u00e4gg du har f\u00f6r att konstatera att du l\u00f6ser ditt beskrivna problem. I detta kapitel kan du med f\u00f6rdel beskriva om din m\u00e5lgrupp eller kund f\u00e5tt testa din produkt eller tj\u00e4nst och om du sedan anv\u00e4nt dig av feedbacken f\u00f6r att ytterligare utveckla din aff\u00e4rsid\u00e9.<\/p><p><strong>6. TEAM<\/strong><br \/>Beskriv teamet bakom din id\u00e9, vilka roller som finns och vem som g\u00f6r vad. Ber\u00e4tta varf\u00f6r era kompetenser \u00e4r r\u00e4tt f\u00f6r att bygga ett skalbart och framg\u00e5ngsrikt bolag. Fr\u00e5gor ni kan st\u00e4lla er \u00e4r f\u00f6ljande: \u00c4r ert team v\u00e4l sammansatt? Det vill s\u00e4ga har ni en bra blandning av kompetenser? Kompletterar ni varandra?<\/p><p><strong>7. MARKNAD<\/strong><br \/>Hur ser marknaden ut f\u00f6r er produkt\/tj\u00e4nst och hur stor \u00e4r den? (ange g\u00e4rna i SEK). Vilken marknad planerar ni att verka i och varf\u00f6r? Hur stor andel av har din aff\u00e4rsid\u00e9 potential att ta? Om det inte redan finns en befintlig marknad b\u00f6r du uppskatta hur stor den kan bli. Har ditt erbjudande potential att v\u00e4xa p\u00e5 fler marknader? Motivera.<\/p><p><strong>8. KONKURRENTER<\/strong><br \/>Redog\u00f6r f\u00f6r andra akt\u00f6rer p\u00e5 marknaden och p\u00e5 vilket s\u00e4tt ditt erbjudande differentierar sig fr\u00e5n de andra. Konkurrenter kan vara i form av direkta konkurrenter men \u00e4ven indirekta som exempelvis substitut. \u00c4r det en ny marknad kan det vara bra att beskriva hur de potentiella kunderna l\u00f6ser sitt problem idag. En f\u00f6rdel \u00e4r att beskriva hur stora marknadsandelar konkurrenterna har samt vilka andelar du har f\u00f6r avsikt att ta.<\/p><p><strong>9. AFF\u00c4RSMODELL<\/strong><br \/>Visa hur ditt bolag skall g\u00f6ra f\u00f6r att tj\u00e4na pengar. Hur \u00e4r aff\u00e4rsmodellen utformad, exempelvis genom reklamfinansiering, prenumeration, direkt k\u00f6p etc. Hur kommer kunderna betala f\u00f6r erbjudandet? \u00c4r kunden \u00e4ven anv\u00e4ndaren eller \u00e4r kunden n\u00e5gon annan? Beskriv sambandet mellan dem. Koppla er aff\u00e4rsmodell till er budget.<\/p><p><strong>10. BUDGET OCH FINANSIERING<\/strong><br \/>Beskriv bolagets budget och kapitalbehov exempelvis om beh\u00f6vs det stora investeringar i b\u00f6rjan och hur det skall finansieras. Hur mycket beh\u00f6ver ni s\u00e4lja f\u00f6r att n\u00e5 \u201dbreak even\u201d (g\u00e5 plus minus noll) och hur hanterar ni likviditeten tills dess, allts\u00e5 er f\u00f6rm\u00e5ga att exempelvis betala l\u00f6ner och leverant\u00f6rer direkt. \u00c4r ert pitch deck avsett f\u00f6r investerare \u00e4r denna del central. D\u00e4rmed \u00e4r det viktigt att presentera (g\u00e4rna muntligt) hur mycket kapital ni s\u00f6ker, vad ni planerar att anv\u00e4nda pengarna till samt vad investeraren har f\u00f6r m\u00f6jlighet till avkastning.<\/p><p><strong>11. KONTAKTUPPGIFTER<\/strong><br \/>Till sist ska du ange dina kontaktuppgifter.<\/p><p>Vi \u00f6nskar dig stort lycka till med att skapa ditt pitch deck och hoppas denna guide varit till hj\u00e4lp! F\u00f6r mer inspiration, kika p\u00e5 v\u00e5rt test case Venture Ice Cup nedan f\u00f6r att se hur ett pitch deck kan se ut.<\/p>\t\t\t\t\t\t\t\t<\/div>\n\t\t\t\t<\/div>\n\t\t\t\t\t<\/div>\n\t\t<\/div>\n\t\t\t\t\t<\/div>\n\t\t<\/section>\n\t\t\t\t<\/div>\n\t\t","protected":false},"excerpt":{"rendered":"<p>Hur du skapar din perfekta pitch deck! 1. INTRODUKTIONB\u00f6rja ditt pitch deck med en kort introduktion om vilka ni \u00e4r, en beskrivning av ert bolag eller dig sj\u00e4lv samt presentera syftet med er pitch. Exempelvis definiera er vision och-\/eller ert m\u00e5l f\u00f6r att sedan kunna knyta an till ert syfte och problemformulering. Det \u00e4r viktigt [&hellip;]<\/p>\n","protected":false},"author":3,"featured_media":0,"parent":571,"menu_order":0,"comment_status":"closed","ping_status":"closed","template":"elementor_header_footer","meta":{"om_disable_all_campaigns":false,"_monsterinsights_skip_tracking":false,"_monsterinsights_sitenote_active":false,"_monsterinsights_sitenote_note":"","_monsterinsights_sitenote_category":0,"footnotes":""},"class_list":["post-575","page","type-page","status-publish","hentry"],"_links":{"self":[{"href":"https:\/\/www.venturecup.se\/sv\/wp-json\/wp\/v2\/pages\/575","targetHints":{"allow":["GET"]}}],"collection":[{"href":"https:\/\/www.venturecup.se\/sv\/wp-json\/wp\/v2\/pages"}],"about":[{"href":"https:\/\/www.venturecup.se\/sv\/wp-json\/wp\/v2\/types\/page"}],"author":[{"embeddable":true,"href":"https:\/\/www.venturecup.se\/sv\/wp-json\/wp\/v2\/users\/3"}],"replies":[{"embeddable":true,"href":"https:\/\/www.venturecup.se\/sv\/wp-json\/wp\/v2\/comments?post=575"}],"version-history":[{"count":24,"href":"https:\/\/www.venturecup.se\/sv\/wp-json\/wp\/v2\/pages\/575\/revisions"}],"predecessor-version":[{"id":2138,"href":"https:\/\/www.venturecup.se\/sv\/wp-json\/wp\/v2\/pages\/575\/revisions\/2138"}],"up":[{"embeddable":true,"href":"https:\/\/www.venturecup.se\/sv\/wp-json\/wp\/v2\/pages\/571"}],"wp:attachment":[{"href":"https:\/\/www.venturecup.se\/sv\/wp-json\/wp\/v2\/media?parent=575"}],"curies":[{"name":"wp","href":"https:\/\/api.w.org\/{rel}","templated":true}]}}