{"id":3964,"date":"2022-04-27T08:33:03","date_gmt":"2022-04-27T06:33:03","guid":{"rendered":"https:\/\/www.venturecup.se\/?page_id=3964"},"modified":"2022-04-27T08:34:37","modified_gmt":"2022-04-27T06:34:37","slug":"regionfinal-startup","status":"publish","type":"page","link":"https:\/\/www.venturecup.se\/sv\/regionfinal-startup\/","title":{"rendered":"REGIONFINALER 2022"},"content":{"rendered":"\t\t<div data-elementor-type=\"wp-page\" data-elementor-id=\"3964\" class=\"elementor elementor-3964\" data-elementor-post-type=\"page\">\n\t\t\t\t\t\t<section class=\"elementor-section elementor-top-section elementor-element elementor-element-904651e elementor-section-boxed elementor-section-height-default elementor-section-height-default\" data-id=\"904651e\" data-element_type=\"section\" data-e-type=\"section\" data-settings=\"{&quot;background_background&quot;:&quot;classic&quot;}\">\n\t\t\t\t\t\t<div class=\"elementor-container elementor-column-gap-default\">\n\t\t\t\t\t<div class=\"elementor-column elementor-col-100 elementor-top-column elementor-element elementor-element-6c2ba6b\" data-id=\"6c2ba6b\" data-element_type=\"column\" data-e-type=\"column\">\n\t\t\t<div class=\"elementor-widget-wrap elementor-element-populated\">\n\t\t\t\t\t\t<section class=\"elementor-section elementor-inner-section elementor-element elementor-element-9c30eaa elementor-section-boxed elementor-section-height-default elementor-section-height-default\" data-id=\"9c30eaa\" data-element_type=\"section\" data-e-type=\"section\" data-settings=\"{&quot;background_background&quot;:&quot;classic&quot;}\">\n\t\t\t\t\t\t<div class=\"elementor-container elementor-column-gap-default\">\n\t\t\t\t\t<div class=\"elementor-column elementor-col-100 elementor-inner-column elementor-element elementor-element-a3a3e32\" data-id=\"a3a3e32\" data-element_type=\"column\" data-e-type=\"column\">\n\t\t\t<div class=\"elementor-widget-wrap elementor-element-populated\">\n\t\t\t\t\t\t<div class=\"elementor-element elementor-element-0b05ed6 elementor-widget elementor-widget-heading\" data-id=\"0b05ed6\" data-element_type=\"widget\" data-e-type=\"widget\" data-widget_type=\"heading.default\">\n\t\t\t\t<div class=\"elementor-widget-container\">\n\t\t\t\t\t<h2 class=\"elementor-heading-title elementor-size-default\">REGIONFINALER STARTUP 2022<\/h2>\t\t\t\t<\/div>\n\t\t\t\t<\/div>\n\t\t\t\t\t<\/div>\n\t\t<\/div>\n\t\t\t\t\t<\/div>\n\t\t<\/section>\n\t\t\t\t\t<\/div>\n\t\t<\/div>\n\t\t\t\t\t<\/div>\n\t\t<\/section>\n\t\t\t\t<section class=\"elementor-section elementor-top-section elementor-element elementor-element-b0ccf11 elementor-section-boxed elementor-section-height-default elementor-section-height-default\" data-id=\"b0ccf11\" data-element_type=\"section\" data-e-type=\"section\">\n\t\t\t\t\t\t<div class=\"elementor-container elementor-column-gap-default\">\n\t\t\t\t\t<div class=\"elementor-column elementor-col-100 elementor-top-column elementor-element elementor-element-2116cac\" data-id=\"2116cac\" data-element_type=\"column\" data-e-type=\"column\">\n\t\t\t<div class=\"elementor-widget-wrap elementor-element-populated\">\n\t\t\t\t\t\t<div class=\"elementor-element elementor-element-24d35de elementor-widget elementor-widget-text-editor\" data-id=\"24d35de\" data-element_type=\"widget\" data-e-type=\"widget\" data-widget_type=\"text-editor.default\">\n\t\t\t\t<div class=\"elementor-widget-container\">\n\t\t\t\t\t\t\t\t\t<p>Klicka dig vidare p\u00e5 den Regionfinal du \u00e4r intresserad av att veta mer om eller anm\u00e4la dig till.<\/p>\t\t\t\t\t\t\t\t<\/div>\n\t\t\t\t<\/div>\n\t\t\t\t\t<\/div>\n\t\t<\/div>\n\t\t\t\t\t<\/div>\n\t\t<\/section>\n\t\t\t\t<section class=\"elementor-section elementor-top-section elementor-element elementor-element-98c0c4a elementor-section-boxed elementor-section-height-default elementor-section-height-default\" data-id=\"98c0c4a\" data-element_type=\"section\" data-e-type=\"section\">\n\t\t\t\t\t\t<div class=\"elementor-container elementor-column-gap-default\">\n\t\t\t\t\t<div class=\"elementor-column elementor-col-50 elementor-top-column elementor-element elementor-element-edfe098\" data-id=\"edfe098\" data-element_type=\"column\" data-e-type=\"column\">\n\t\t\t<div class=\"elementor-widget-wrap elementor-element-populated\">\n\t\t\t\t\t\t<div class=\"elementor-element elementor-element-a8b6ba6 elementor-widget elementor-widget-image\" data-id=\"a8b6ba6\" data-element_type=\"widget\" data-e-type=\"widget\" data-widget_type=\"image.default\">\n\t\t\t\t<div class=\"elementor-widget-container\">\n\t\t\t\t\t\t\t\t\t\t\t\t\t\t\t\t<a href=\"https:\/\/event.trippus.net\/Home\/Index\/AEAKgIMjxib-FwXJ8YIvRBpy5gAbhFL7l9_7Dc65ZjJM_87UvGV2N3kviUqicVO6aUstKuWXbhVF\/AEAKgIMMADS8yvQZY6SMJwvGrJJaA8JjlBiLxFOPS4_e0pl6ud16_EIlFfijEQSu0Pti4ijR2VAo\/swe\">\n\t\t\t\t\t\t\t<img fetchpriority=\"high\" decoding=\"async\" width=\"800\" height=\"434\" src=\"https:\/\/www.venturecup.se\/wp-content\/uploads\/2022\/04\/Hemsidan-eventkalender-1-1024x555.png\" class=\"attachment-large size-large wp-image-3960\" alt=\"\" srcset=\"https:\/\/www.venturecup.se\/wp-content\/uploads\/2022\/04\/Hemsidan-eventkalender-1-1024x555.png 1024w, https:\/\/www.venturecup.se\/wp-content\/uploads\/2022\/04\/Hemsidan-eventkalender-1-300x163.png 300w, https:\/\/www.venturecup.se\/wp-content\/uploads\/2022\/04\/Hemsidan-eventkalender-1-768x416.png 768w, https:\/\/www.venturecup.se\/wp-content\/uploads\/2022\/04\/Hemsidan-eventkalender-1-18x10.png 18w, https:\/\/www.venturecup.se\/wp-content\/uploads\/2022\/04\/Hemsidan-eventkalender-1.png 1080w\" sizes=\"(max-width: 800px) 100vw, 800px\" \/>\t\t\t\t\t\t\t\t<\/a>\n\t\t\t\t\t\t\t\t\t\t\t\t\t\t\t<\/div>\n\t\t\t\t<\/div>\n\t\t\t\t\t<\/div>\n\t\t<\/div>\n\t\t\t\t<div class=\"elementor-column elementor-col-50 elementor-top-column elementor-element elementor-element-15d6c91\" data-id=\"15d6c91\" data-element_type=\"column\" data-e-type=\"column\">\n\t\t\t<div class=\"elementor-widget-wrap elementor-element-populated\">\n\t\t\t\t\t\t<div class=\"elementor-element elementor-element-d7b7ade elementor-widget elementor-widget-image\" data-id=\"d7b7ade\" data-element_type=\"widget\" data-e-type=\"widget\" data-widget_type=\"image.default\">\n\t\t\t\t<div class=\"elementor-widget-container\">\n\t\t\t\t\t\t\t\t\t\t\t\t\t\t\t\t<a href=\"https:\/\/event.trippus.net\/Home\/Index\/AEAKgINQ71Grvbum73XVmL8dWlAFocyiI5FsWFzjeEXeizTXNFlkkOtJ-bD-xReJ69h78PBWEWwu\/AEAKgIO2H5q7KC3QNMOi3VTWSWp9PyiEDK60lg0U8SUCUBdYT6AzddKLcUX-XLTmpI0TZJ8V5m45\/swe\">\n\t\t\t\t\t\t\t<img decoding=\"async\" width=\"800\" height=\"434\" src=\"https:\/\/www.venturecup.se\/wp-content\/uploads\/2022\/04\/eventkalender-2-2-1024x555.png\" class=\"attachment-large size-large wp-image-3996\" alt=\"\" srcset=\"https:\/\/www.venturecup.se\/wp-content\/uploads\/2022\/04\/eventkalender-2-2-1024x555.png 1024w, https:\/\/www.venturecup.se\/wp-content\/uploads\/2022\/04\/eventkalender-2-2-300x163.png 300w, https:\/\/www.venturecup.se\/wp-content\/uploads\/2022\/04\/eventkalender-2-2-768x416.png 768w, https:\/\/www.venturecup.se\/wp-content\/uploads\/2022\/04\/eventkalender-2-2-18x10.png 18w, https:\/\/www.venturecup.se\/wp-content\/uploads\/2022\/04\/eventkalender-2-2.png 1080w\" sizes=\"(max-width: 800px) 100vw, 800px\" \/>\t\t\t\t\t\t\t\t<\/a>\n\t\t\t\t\t\t\t\t\t\t\t\t\t\t\t<\/div>\n\t\t\t\t<\/div>\n\t\t\t\t\t<\/div>\n\t\t<\/div>\n\t\t\t\t\t<\/div>\n\t\t<\/section>\n\t\t\t\t<section class=\"elementor-section elementor-top-section elementor-element elementor-element-912c22a elementor-section-boxed elementor-section-height-default elementor-section-height-default\" data-id=\"912c22a\" data-element_type=\"section\" data-e-type=\"section\">\n\t\t\t\t\t\t<div class=\"elementor-container elementor-column-gap-default\">\n\t\t\t\t\t<div class=\"elementor-column elementor-col-50 elementor-top-column elementor-element elementor-element-dc7622b\" data-id=\"dc7622b\" data-element_type=\"column\" data-e-type=\"column\">\n\t\t\t<div class=\"elementor-widget-wrap elementor-element-populated\">\n\t\t\t\t\t\t<div class=\"elementor-element elementor-element-89062d8 elementor-widget elementor-widget-image\" data-id=\"89062d8\" data-element_type=\"widget\" data-e-type=\"widget\" data-widget_type=\"image.default\">\n\t\t\t\t<div class=\"elementor-widget-container\">\n\t\t\t\t\t\t\t\t\t\t\t\t\t\t\t\t<a href=\"https:\/\/event.trippus.net\/Home\/Index\/AEAKgINZhg9U3vFhF2E6ngoZp5suKUPkZd3Qp1Mh5nQZ_G-mWc0cjRuoqnAk2j19MykxJTQ5-hUh\/AEAKgINzGfPaDCqDrzP7gZ0tDH6O16NELSWncVdqIATKaE8g9g1pVWdXgqdx4EnRJ8yOIlyLqoSz\/swe\">\n\t\t\t\t\t\t\t<img decoding=\"async\" width=\"800\" height=\"434\" src=\"https:\/\/www.venturecup.se\/wp-content\/uploads\/2022\/04\/eventkalender-5-1024x555.png\" class=\"attachment-large size-large wp-image-3998\" alt=\"\" srcset=\"https:\/\/www.venturecup.se\/wp-content\/uploads\/2022\/04\/eventkalender-5-1024x555.png 1024w, https:\/\/www.venturecup.se\/wp-content\/uploads\/2022\/04\/eventkalender-5-300x163.png 300w, https:\/\/www.venturecup.se\/wp-content\/uploads\/2022\/04\/eventkalender-5-768x416.png 768w, https:\/\/www.venturecup.se\/wp-content\/uploads\/2022\/04\/eventkalender-5-18x10.png 18w, https:\/\/www.venturecup.se\/wp-content\/uploads\/2022\/04\/eventkalender-5.png 1080w\" sizes=\"(max-width: 800px) 100vw, 800px\" \/>\t\t\t\t\t\t\t\t<\/a>\n\t\t\t\t\t\t\t\t\t\t\t\t\t\t\t<\/div>\n\t\t\t\t<\/div>\n\t\t\t\t\t<\/div>\n\t\t<\/div>\n\t\t\t\t<div class=\"elementor-column elementor-col-50 elementor-top-column elementor-element elementor-element-502a860\" data-id=\"502a860\" data-element_type=\"column\" data-e-type=\"column\">\n\t\t\t<div class=\"elementor-widget-wrap elementor-element-populated\">\n\t\t\t\t\t\t<div class=\"elementor-element elementor-element-62f2bf7 elementor-widget elementor-widget-image\" data-id=\"62f2bf7\" data-element_type=\"widget\" data-e-type=\"widget\" data-widget_type=\"image.default\">\n\t\t\t\t<div class=\"elementor-widget-container\">\n\t\t\t\t\t\t\t\t\t\t\t\t\t\t\t\t<a href=\"https:\/\/event.trippus.net\/Home\/Index\/AEAKgINe-zc7TxdkRv9KUtUr1miDGcIr_N7gUKJ_38Isl4sZL43TY4dJMUWMyQbWi6AcYj_SofAa\/AEAKgIO0tMR6Vs-igpZWidenjDbIvrFSfkhKkQZ31ZY0hYTZSli-2FhEaFoGV9BBhj2EUoxZ4ATC\/swe\">\n\t\t\t\t\t\t\t<img loading=\"lazy\" decoding=\"async\" width=\"800\" height=\"434\" src=\"https:\/\/www.venturecup.se\/wp-content\/uploads\/2022\/04\/eventkalender-3-2-1024x555.png\" class=\"attachment-large size-large wp-image-3997\" alt=\"\" srcset=\"https:\/\/www.venturecup.se\/wp-content\/uploads\/2022\/04\/eventkalender-3-2-1024x555.png 1024w, https:\/\/www.venturecup.se\/wp-content\/uploads\/2022\/04\/eventkalender-3-2-300x163.png 300w, https:\/\/www.venturecup.se\/wp-content\/uploads\/2022\/04\/eventkalender-3-2-768x416.png 768w, https:\/\/www.venturecup.se\/wp-content\/uploads\/2022\/04\/eventkalender-3-2-18x10.png 18w, https:\/\/www.venturecup.se\/wp-content\/uploads\/2022\/04\/eventkalender-3-2.png 1080w\" sizes=\"(max-width: 800px) 100vw, 800px\" \/>\t\t\t\t\t\t\t\t<\/a>\n\t\t\t\t\t\t\t\t\t\t\t\t\t\t\t<\/div>\n\t\t\t\t<\/div>\n\t\t\t\t\t<\/div>\n\t\t<\/div>\n\t\t\t\t\t<\/div>\n\t\t<\/section>\n\t\t\t\t<\/div>\n\t\t","protected":false},"excerpt":{"rendered":"<p>REGIONFINALER STARTUP 2022 Klicka dig vidare p\u00e5 den Regionfinal du \u00e4r intresserad av att veta mer om eller anm\u00e4la dig till.<\/p>\n","protected":false},"author":3,"featured_media":0,"parent":0,"menu_order":0,"comment_status":"closed","ping_status":"closed","template":"elementor_header_footer","meta":{"om_disable_all_campaigns":false,"_monsterinsights_skip_tracking":false,"_monsterinsights_sitenote_active":false,"_monsterinsights_sitenote_note":"","_monsterinsights_sitenote_category":0,"footnotes":""},"class_list":["post-3964","page","type-page","status-publish","hentry"],"_links":{"self":[{"href":"https:\/\/www.venturecup.se\/sv\/wp-json\/wp\/v2\/pages\/3964","targetHints":{"allow":["GET"]}}],"collection":[{"href":"https:\/\/www.venturecup.se\/sv\/wp-json\/wp\/v2\/pages"}],"about":[{"href":"https:\/\/www.venturecup.se\/sv\/wp-json\/wp\/v2\/types\/page"}],"author":[{"embeddable":true,"href":"https:\/\/www.venturecup.se\/sv\/wp-json\/wp\/v2\/users\/3"}],"replies":[{"embeddable":true,"href":"https:\/\/www.venturecup.se\/sv\/wp-json\/wp\/v2\/comments?post=3964"}],"version-history":[{"count":26,"href":"https:\/\/www.venturecup.se\/sv\/wp-json\/wp\/v2\/pages\/3964\/revisions"}],"predecessor-version":[{"id":4123,"href":"https:\/\/www.venturecup.se\/sv\/wp-json\/wp\/v2\/pages\/3964\/revisions\/4123"}],"wp:attachment":[{"href":"https:\/\/www.venturecup.se\/sv\/wp-json\/wp\/v2\/media?parent=3964"}],"curies":[{"name":"wp","href":"https:\/\/api.w.org\/{rel}","templated":true}]}}