{"id":3598,"date":"2022-03-25T18:26:33","date_gmt":"2022-03-25T17:26:33","guid":{"rendered":"https:\/\/www.venturecup.se\/?page_id=3598"},"modified":"2023-05-02T08:52:12","modified_gmt":"2023-05-02T06:52:12","slug":"slu","status":"publish","type":"page","link":"https:\/\/www.venturecup.se\/sv\/slu\/","title":{"rendered":"SLU:S INNOVATION AWARD"},"content":{"rendered":"\t\t<div data-elementor-type=\"wp-page\" data-elementor-id=\"3598\" class=\"elementor elementor-3598\" data-elementor-post-type=\"page\">\n\t\t\t\t\t\t<section class=\"elementor-section elementor-top-section elementor-element elementor-element-19df6e7 elementor-section-boxed elementor-section-height-default elementor-section-height-default\" data-id=\"19df6e7\" data-element_type=\"section\" data-e-type=\"section\" data-settings=\"{&quot;background_background&quot;:&quot;classic&quot;}\">\n\t\t\t\t\t\t<div class=\"elementor-container elementor-column-gap-default\">\n\t\t\t\t\t<div class=\"elementor-column elementor-col-100 elementor-top-column elementor-element elementor-element-a16dc78\" data-id=\"a16dc78\" data-element_type=\"column\" data-e-type=\"column\">\n\t\t\t<div class=\"elementor-widget-wrap elementor-element-populated\">\n\t\t\t\t\t\t<section class=\"elementor-section elementor-inner-section elementor-element elementor-element-8319e07 elementor-section-boxed elementor-section-height-default elementor-section-height-default\" data-id=\"8319e07\" data-element_type=\"section\" data-e-type=\"section\" data-settings=\"{&quot;background_background&quot;:&quot;classic&quot;}\">\n\t\t\t\t\t\t<div class=\"elementor-container elementor-column-gap-default\">\n\t\t\t\t\t<div class=\"elementor-column elementor-col-100 elementor-inner-column elementor-element elementor-element-b7afc05\" data-id=\"b7afc05\" data-element_type=\"column\" data-e-type=\"column\">\n\t\t\t<div class=\"elementor-widget-wrap elementor-element-populated\">\n\t\t\t\t\t\t<div class=\"elementor-element elementor-element-3c37881 elementor-widget elementor-widget-heading\" data-id=\"3c37881\" data-element_type=\"widget\" data-e-type=\"widget\" data-widget_type=\"heading.default\">\n\t\t\t\t<div class=\"elementor-widget-container\">\n\t\t\t\t\t<h2 class=\"elementor-heading-title elementor-size-default\">SLU:s Innovation Award<\/h2>\t\t\t\t<\/div>\n\t\t\t\t<\/div>\n\t\t\t\t<div class=\"elementor-element elementor-element-2305f94 elementor-widget-divider--view-line elementor-widget elementor-widget-divider\" data-id=\"2305f94\" data-element_type=\"widget\" data-e-type=\"widget\" data-widget_type=\"divider.default\">\n\t\t\t\t<div class=\"elementor-widget-container\">\n\t\t\t\t\t\t\t<div class=\"elementor-divider\">\n\t\t\t<span class=\"elementor-divider-separator\">\n\t\t\t\t\t\t<\/span>\n\t\t<\/div>\n\t\t\t\t\t\t<\/div>\n\t\t\t\t<\/div>\n\t\t\t\t\t<\/div>\n\t\t<\/div>\n\t\t\t\t\t<\/div>\n\t\t<\/section>\n\t\t\t\t\t<\/div>\n\t\t<\/div>\n\t\t\t\t\t<\/div>\n\t\t<\/section>\n\t\t\t\t<section class=\"elementor-section elementor-top-section elementor-element elementor-element-2ef30476 elementor-section-boxed elementor-section-height-default elementor-section-height-default\" data-id=\"2ef30476\" data-element_type=\"section\" data-e-type=\"section\">\n\t\t\t\t\t\t<div class=\"elementor-container elementor-column-gap-default\">\n\t\t\t\t\t<div class=\"elementor-column elementor-col-100 elementor-top-column elementor-element elementor-element-2a29e3d5\" data-id=\"2a29e3d5\" data-element_type=\"column\" data-e-type=\"column\">\n\t\t\t<div class=\"elementor-widget-wrap elementor-element-populated\">\n\t\t\t\t\t\t<div class=\"elementor-element elementor-element-16a59816 elementor-widget elementor-widget-heading\" data-id=\"16a59816\" data-element_type=\"widget\" data-e-type=\"widget\" data-widget_type=\"heading.default\">\n\t\t\t\t<div class=\"elementor-widget-container\">\n\t\t\t\t\t<h3 class=\"elementor-heading-title elementor-size-default\">Nu \u00e4r SLU:s Innovation Award \u00f6ppen!<\/h3>\t\t\t\t<\/div>\n\t\t\t\t<\/div>\n\t\t\t\t<div class=\"elementor-element elementor-element-ff94a24 elementor-widget elementor-widget-heading\" data-id=\"ff94a24\" data-element_type=\"widget\" data-e-type=\"widget\" data-widget_type=\"heading.default\">\n\t\t\t\t<div class=\"elementor-widget-container\">\n\t\t\t\t\t<h3 class=\"elementor-heading-title elementor-size-default\">SLU Ume\u00e5 och Sparbanksstiftelsen Norrlands pris f\u00f6r h\u00e5llbara innovationer<\/h3>\t\t\t\t<\/div>\n\t\t\t\t<\/div>\n\t\t\t\t<div class=\"elementor-element elementor-element-6df4d53c elementor-widget elementor-widget-text-editor\" data-id=\"6df4d53c\" data-element_type=\"widget\" data-e-type=\"widget\" data-widget_type=\"text-editor.default\">\n\t\t\t\t<div class=\"elementor-widget-container\">\n\t\t\t\t\t\t\t\t\t<p><b>Arbetar eller studerar du p\u00e5 SLU:s Campus Ume\u00e5 och har en id\u00e9 med potential att f\u00f6r\u00e4ndra den gr\u00f6na n\u00e4ringen? D\u00e5 \u00e4r du v\u00e4lkommen att s\u00f6ka innovationspriset p\u00e5 50.000 kronor.<\/b><\/p>\n<p>Den gr\u00f6na n\u00e4ringen st\u00e5r inf\u00f6r en av sina st\u00f6rsta utmaningar n\u00e5gonsin. Det kr\u00e4vs stora f\u00f6r\u00e4ndringar och utveckling inom inte minst skogs- och jordbruk. Sveriges lantbruksuniversitet (SLU) i Ume\u00e5 \u00e4r v\u00e4rldsledande inom skog och forskningen kring livsmedelsproduktion f\u00f6r norrl\u00e4ndska f\u00f6rh\u00e5llanden. Vi tror att m\u00e5nga av de l\u00f6sningar som beh\u00f6vs f\u00f6r att uppn\u00e5 FNs globala m\u00e5l finns vid SLU i Ume\u00e5.<\/p>\n<p>Priset delas ut med syftet att bidra till en innovationsfr\u00e4mjande kultur som m\u00f6jligg\u00f6r att mer av universitetets samlade kunskap oms\u00e4tts som nyttigg\u00f6rande innovationer i samh\u00e4llet.<\/p>\n<p>Har du en id\u00e9 om en ny produkt, tj\u00e4nst eller metod som kan bidra till en h\u00e5llbar utveckling? <span style=\"font-weight: 400;\">S\u00f6k SLU Ume\u00e5 och Sparbanksstiftelsen Norrlands pris f\u00f6r h\u00e5llbara innovationer och vinn upp till 50.000 kr!<\/span><\/p>\n<p><span style=\"font-weight: 400;\">T\u00e4vlingen \u00f6ppnar 2:a maj och p\u00e5g\u00e5r fram till den 6:e september 2023.<\/span><\/p>\n<p class=\"photocred\"><i>Foto: Jenny Svenn\u00e5s-Gillner, SLU \/ M\u00e5rten Svensson<\/i><\/p>\t\t\t\t\t\t\t\t<\/div>\n\t\t\t\t<\/div>\n\t\t\t\t<div class=\"elementor-element elementor-element-2872f8fc hidden-button elementor-widget elementor-widget-button\" data-id=\"2872f8fc\" data-element_type=\"widget\" data-e-type=\"widget\" data-widget_type=\"button.default\">\n\t\t\t\t<div class=\"elementor-widget-container\">\n\t\t\t\t\t\t\t\t\t<div class=\"elementor-button-wrapper\">\n\t\t\t\t\t<a class=\"elementor-button elementor-button-link elementor-size-md\" href=\"https:\/\/venturecup.ideahunt.io\/coach\/campaigns\/slu-umea-and-sparbanksstiftelsen-norrlands-award-for-sustainable-innovations-\/brief\" target=\"_blank\">\n\t\t\t\t\t\t<span class=\"elementor-button-content-wrapper\">\n\t\t\t\t\t\t<span class=\"elementor-button-icon\">\n\t\t\t\t<i aria-hidden=\"true\" class=\"fas fa-long-arrow-alt-right\"><\/i>\t\t\t<\/span>\n\t\t\t\t\t\t\t\t\t<span class=\"elementor-button-text\">L\u00e4s mer och t\u00e4vla h\u00e4r<\/span>\n\t\t\t\t\t<\/span>\n\t\t\t\t\t<\/a>\n\t\t\t\t<\/div>\n\t\t\t\t\t\t\t\t<\/div>\n\t\t\t\t<\/div>\n\t\t\t\t<div class=\"elementor-element elementor-element-2b752f9 elementor-widget elementor-widget-button\" data-id=\"2b752f9\" data-element_type=\"widget\" data-e-type=\"widget\" data-widget_type=\"button.default\">\n\t\t\t\t<div class=\"elementor-widget-container\">\n\t\t\t\t\t\t\t\t\t<div class=\"elementor-button-wrapper\">\n\t\t\t\t\t<a class=\"elementor-button elementor-button-link elementor-size-md\" href=\"https:\/\/venturecup.ideahunt.io\/coach\/campaigns\/slu-umea-and-sparbanksstiftelsen-norrlands-award-for-sustainable-innovations--1\/brief\" target=\"_blank\">\n\t\t\t\t\t\t<span class=\"elementor-button-content-wrapper\">\n\t\t\t\t\t\t<span class=\"elementor-button-icon\">\n\t\t\t\t<i aria-hidden=\"true\" class=\"fas fa-long-arrow-alt-right\"><\/i>\t\t\t<\/span>\n\t\t\t\t\t\t\t\t\t<span class=\"elementor-button-text\"> Klicka h\u00e4r f\u00f6r att komma till t\u00e4vlingsplattformen!<\/span>\n\t\t\t\t\t<\/span>\n\t\t\t\t\t<\/a>\n\t\t\t\t<\/div>\n\t\t\t\t\t\t\t\t<\/div>\n\t\t\t\t<\/div>\n\t\t\t\t\t<\/div>\n\t\t<\/div>\n\t\t\t\t\t<\/div>\n\t\t<\/section>\n\t\t\t\t<\/div>\n\t\t","protected":false},"excerpt":{"rendered":"<p>SLU:s Innovation Award Nu \u00e4r SLU:s Innovation Award \u00f6ppen! SLU Ume\u00e5 och Sparbanksstiftelsen Norrlands pris f\u00f6r h\u00e5llbara innovationer Arbetar eller studerar du p\u00e5 SLU:s Campus Ume\u00e5 och har en id\u00e9 med potential att f\u00f6r\u00e4ndra den gr\u00f6na n\u00e4ringen? D\u00e5 \u00e4r du v\u00e4lkommen att s\u00f6ka innovationspriset p\u00e5 50.000 kronor. Den gr\u00f6na n\u00e4ringen st\u00e5r inf\u00f6r en av sina [&hellip;]<\/p>\n","protected":false},"author":9,"featured_media":0,"parent":0,"menu_order":0,"comment_status":"closed","ping_status":"closed","template":"elementor_header_footer","meta":{"om_disable_all_campaigns":false,"_monsterinsights_skip_tracking":false,"_monsterinsights_sitenote_active":false,"_monsterinsights_sitenote_note":"","_monsterinsights_sitenote_category":0,"footnotes":""},"class_list":["post-3598","page","type-page","status-publish","hentry"],"_links":{"self":[{"href":"https:\/\/www.venturecup.se\/sv\/wp-json\/wp\/v2\/pages\/3598","targetHints":{"allow":["GET"]}}],"collection":[{"href":"https:\/\/www.venturecup.se\/sv\/wp-json\/wp\/v2\/pages"}],"about":[{"href":"https:\/\/www.venturecup.se\/sv\/wp-json\/wp\/v2\/types\/page"}],"author":[{"embeddable":true,"href":"https:\/\/www.venturecup.se\/sv\/wp-json\/wp\/v2\/users\/9"}],"replies":[{"embeddable":true,"href":"https:\/\/www.venturecup.se\/sv\/wp-json\/wp\/v2\/comments?post=3598"}],"version-history":[{"count":81,"href":"https:\/\/www.venturecup.se\/sv\/wp-json\/wp\/v2\/pages\/3598\/revisions"}],"predecessor-version":[{"id":7166,"href":"https:\/\/www.venturecup.se\/sv\/wp-json\/wp\/v2\/pages\/3598\/revisions\/7166"}],"wp:attachment":[{"href":"https:\/\/www.venturecup.se\/sv\/wp-json\/wp\/v2\/media?parent=3598"}],"curies":[{"name":"wp","href":"https:\/\/api.w.org\/{rel}","templated":true}]}}