{"id":1121,"date":"2021-11-27T18:40:34","date_gmt":"2021-11-27T17:40:34","guid":{"rendered":"https:\/\/venturecup.appli-shop.com\/?page_id=1121"},"modified":"2025-12-29T16:08:17","modified_gmt":"2025-12-29T15:08:17","slug":"inlamningsuppgift-2","status":"publish","type":"page","link":"https:\/\/www.venturecup.se\/sv\/utbildningar\/kurs\/inlamningsuppgift-2\/","title":{"rendered":"Inl\u00e4mningsuppgift 2"},"content":{"rendered":"\t\t<div data-elementor-type=\"wp-page\" data-elementor-id=\"1121\" class=\"elementor elementor-1121\" data-elementor-post-type=\"page\">\n\t\t\t\t\t\t<section class=\"elementor-section elementor-top-section elementor-element elementor-element-1bd1491 elementor-section-boxed elementor-section-height-default elementor-section-height-default\" data-id=\"1bd1491\" data-element_type=\"section\" data-e-type=\"section\">\n\t\t\t\t\t\t<div class=\"elementor-container elementor-column-gap-default\">\n\t\t\t\t\t<div class=\"elementor-column elementor-col-100 elementor-top-column elementor-element elementor-element-67d9c00\" data-id=\"67d9c00\" data-element_type=\"column\" data-e-type=\"column\">\n\t\t\t<div class=\"elementor-widget-wrap elementor-element-populated\">\n\t\t\t\t\t\t<div class=\"elementor-element elementor-element-708c8ed elementor-widget elementor-widget-heading\" data-id=\"708c8ed\" data-element_type=\"widget\" data-e-type=\"widget\" data-widget_type=\"heading.default\">\n\t\t\t\t<div class=\"elementor-widget-container\">\n\t\t\t\t\t<h2 class=\"elementor-heading-title elementor-size-default\">Inl\u00e4mningsuppgift 2<\/h2>\t\t\t\t<\/div>\n\t\t\t\t<\/div>\n\t\t\t\t<div class=\"elementor-element elementor-element-77b4da4 elementor-widget elementor-widget-heading\" data-id=\"77b4da4\" data-element_type=\"widget\" data-e-type=\"widget\" data-widget_type=\"heading.default\">\n\t\t\t\t<div class=\"elementor-widget-container\">\n\t\t\t\t\t<h2 class=\"elementor-heading-title elementor-size-default\">Deadline VT-26, 12:e april 2025, kl. 23.59<\/h2>\t\t\t\t<\/div>\n\t\t\t\t<\/div>\n\t\t\t\t<div class=\"elementor-element elementor-element-af34357 elementor-widget elementor-widget-text-editor\" data-id=\"af34357\" data-element_type=\"widget\" data-e-type=\"widget\" data-widget_type=\"text-editor.default\">\n\t\t\t\t<div class=\"elementor-widget-container\">\n\t\t\t\t\t\t\t\t\t<p class=\"vc_custom_heading left_text\">Inl\u00e4mning<strong> av handlingsplan<\/strong><br><i data-stringify-type=\"italic\">Skapa handlingsplan med tydliga steg f\u00f6r hur du ska ta din id\u00e9 till verklighet. Handlingsplanen ska grundas p\u00e5 de \u00e4mnen och delar som behandlas under kursens g\u00e5ng och beh\u00f6vs f\u00f6r att din id\u00e9 ska bli ett tillv\u00e4xtf\u00f6retag.<\/i><\/p>\n<p class=\"vc_custom_heading left_text\"><strong>Formalia<\/strong><br>Inl\u00e4mningen ska vara skriven p\u00e5 svenska eller engelska, och k\u00e4llh\u00e4nvisas p\u00e5 konsekvent (ex. v\u00e4lj antingen APA eller fotnoter) och l\u00e4mpligt s\u00e4tt d\u00e4r s\u00e5 kr\u00e4vs (ex. vid st\u00f6d i fakta, artiklar, etc.).<br>Max 750 ord.<br><strong>Data<\/strong>: De faktauppgifter som underbygger antaganden och beslut ska s\u00e5 l\u00e5ngt som m\u00f6jligt<br>vara externt validerade.<br><strong>Logik<\/strong>: Resonera trov\u00e4rdigt och \u00f6vertygande kring fr\u00e5gor som till exempel val av aff\u00e4rsmodell och anv\u00e4ndande av data\/faktauppgifter. Var kritisk och reflekterande med avseende p\u00e5 b\u00e5de<br>teoriers till\u00e4mplighet och k\u00e4llor till information.<br><strong>Framst\u00e4llning<\/strong>: Framst\u00e4ll handlingsplanen p\u00e5 ett tydligt och \u00f6vertygande s\u00e4tt.<\/p>\n<p class=\"vc_custom_heading left_text\">De omr\u00e5den som \u00e4r obligatoriska att behandla \u00e4r:<\/p>\n<ul>\n<li class=\"vc_custom_heading left_text\">Tidsplan<\/li>\n<li class=\"vc_custom_heading left_text\">Vision<\/li>\n<li class=\"vc_custom_heading left_text\">Finansiering<\/li>\n<li class=\"vc_custom_heading left_text\">Riskanalys<\/li>\n<li class=\"vc_custom_heading left_text\">Genomf\u00f6randeplan<\/li>\n<\/ul>\n<div class=\"ult-spacer spacer-61a26cfee895f\" data-id=\"61a26cfee895f\" data-height=\"25\" data-height-mobile=\"30\" data-height-tab=\"30\" data-height-tab-portrait=\"30\" data-height-mobile-landscape=\"30\">&nbsp;<\/div>\n<p class=\"vc_custom_heading left_text\"><em>T\u00e4nk p\u00e5 att samtliga punkter ska f\u00f6rklaras konkret och ing\u00e5ende. Vissa punkter kan f\u00f6rekomma p\u00e5 andra slides i det inl\u00e4mnade pitch decket, d\u00e5 ska dessa inte upprepas i till\u00e4gget.<\/em><\/p>\n<p class=\"vc_custom_heading left_text\">Inl\u00e4mningarna \u00e4r obligatoriska och betygsgrundande. Det vill s\u00e4ga du f\u00e5r betyg (G eller U) p\u00e5 inl\u00e4mningarna och skriftlig feedback.<\/p>\n<p class=\"vc_custom_heading left_text\"><i data-stringify-type=\"italic\">Sista datum f\u00f6r inl\u00e4mning \u00e4r den 12:e april<strong>&nbsp;2026<\/strong>&nbsp;inl\u00e4mning sker via mejl till u<\/i><i data-stringify-type=\"italic\">tbildning@venturecup.se och skickas som ett<em>&nbsp;textdokument i pdf-format m\u00e4rkt med namn.<\/em><\/i><\/p>\t\t\t\t\t\t\t\t<\/div>\n\t\t\t\t<\/div>\n\t\t\t\t\t<\/div>\n\t\t<\/div>\n\t\t\t\t\t<\/div>\n\t\t<\/section>\n\t\t\t\t<section class=\"elementor-section elementor-top-section elementor-element elementor-element-47c849ad elementor-section-boxed elementor-section-height-default elementor-section-height-default\" data-id=\"47c849ad\" data-element_type=\"section\" data-e-type=\"section\">\n\t\t\t\t\t\t<div class=\"elementor-container elementor-column-gap-default\">\n\t\t\t\t\t<div class=\"elementor-column elementor-col-100 elementor-top-column elementor-element elementor-element-7a18000\" data-id=\"7a18000\" data-element_type=\"column\" data-e-type=\"column\">\n\t\t\t<div class=\"elementor-widget-wrap elementor-element-populated\">\n\t\t\t\t\t\t<div class=\"elementor-element elementor-element-5c9b636b elementor-widget elementor-widget-heading\" data-id=\"5c9b636b\" data-element_type=\"widget\" data-e-type=\"widget\" data-widget_type=\"heading.default\">\n\t\t\t\t<div class=\"elementor-widget-container\">\n\t\t\t\t\t<h2 class=\"elementor-heading-title elementor-size-default\">\u00d6vriga fr\u00e5gor? Mejla:<\/h2>\t\t\t\t<\/div>\n\t\t\t\t<\/div>\n\t\t\t\t<div class=\"elementor-element elementor-element-4bb9bb97 elementor-icon-list--layout-traditional elementor-list-item-link-full_width elementor-widget elementor-widget-icon-list\" data-id=\"4bb9bb97\" data-element_type=\"widget\" data-e-type=\"widget\" data-widget_type=\"icon-list.default\">\n\t\t\t\t<div class=\"elementor-widget-container\">\n\t\t\t\t\t\t\t<ul class=\"elementor-icon-list-items\">\n\t\t\t\t\t\t\t<li class=\"elementor-icon-list-item\">\n\t\t\t\t\t\t\t\t\t\t\t<a href=\"mailto:utbildning@venturecup.se\">\n\n\t\t\t\t\t\t\t\t\t\t\t\t<span class=\"elementor-icon-list-icon\">\n\t\t\t\t\t\t\t<i aria-hidden=\"true\" class=\"far fa-envelope\"><\/i>\t\t\t\t\t\t<\/span>\n\t\t\t\t\t\t\t\t\t\t<span class=\"elementor-icon-list-text\">utbildning@venturecup.se<\/span>\n\t\t\t\t\t\t\t\t\t\t\t<\/a>\n\t\t\t\t\t\t\t\t\t<\/li>\n\t\t\t\t\t\t<\/ul>\n\t\t\t\t\t\t<\/div>\n\t\t\t\t<\/div>\n\t\t\t\t\t<\/div>\n\t\t<\/div>\n\t\t\t\t\t<\/div>\n\t\t<\/section>\n\t\t\t\t<\/div>\n\t\t","protected":false},"excerpt":{"rendered":"<p>Inl\u00e4mningsuppgift 2 Deadline VT-26, 12:e april 2025, kl. 23.59 Inl\u00e4mning av handlingsplanSkapa handlingsplan med tydliga steg f\u00f6r hur du ska ta din id\u00e9 till verklighet. Handlingsplanen ska grundas p\u00e5 de \u00e4mnen och delar som behandlas under kursens g\u00e5ng och beh\u00f6vs f\u00f6r att din id\u00e9 ska bli ett tillv\u00e4xtf\u00f6retag. FormaliaInl\u00e4mningen ska vara skriven p\u00e5 svenska eller [&hellip;]<\/p>\n","protected":false},"author":3,"featured_media":0,"parent":577,"menu_order":0,"comment_status":"closed","ping_status":"closed","template":"elementor_header_footer","meta":{"om_disable_all_campaigns":false,"_monsterinsights_skip_tracking":false,"_monsterinsights_sitenote_active":false,"_monsterinsights_sitenote_note":"","_monsterinsights_sitenote_category":0,"footnotes":""},"class_list":["post-1121","page","type-page","status-publish","hentry"],"_links":{"self":[{"href":"https:\/\/www.venturecup.se\/sv\/wp-json\/wp\/v2\/pages\/1121","targetHints":{"allow":["GET"]}}],"collection":[{"href":"https:\/\/www.venturecup.se\/sv\/wp-json\/wp\/v2\/pages"}],"about":[{"href":"https:\/\/www.venturecup.se\/sv\/wp-json\/wp\/v2\/types\/page"}],"author":[{"embeddable":true,"href":"https:\/\/www.venturecup.se\/sv\/wp-json\/wp\/v2\/users\/3"}],"replies":[{"embeddable":true,"href":"https:\/\/www.venturecup.se\/sv\/wp-json\/wp\/v2\/comments?post=1121"}],"version-history":[{"count":56,"href":"https:\/\/www.venturecup.se\/sv\/wp-json\/wp\/v2\/pages\/1121\/revisions"}],"predecessor-version":[{"id":9779,"href":"https:\/\/www.venturecup.se\/sv\/wp-json\/wp\/v2\/pages\/1121\/revisions\/9779"}],"up":[{"embeddable":true,"href":"https:\/\/www.venturecup.se\/sv\/wp-json\/wp\/v2\/pages\/577"}],"wp:attachment":[{"href":"https:\/\/www.venturecup.se\/sv\/wp-json\/wp\/v2\/media?parent=1121"}],"curies":[{"name":"wp","href":"https:\/\/api.w.org\/{rel}","templated":true}]}}