{"id":1104,"date":"2021-11-27T18:27:43","date_gmt":"2021-11-27T17:27:43","guid":{"rendered":"https:\/\/venturecup.appli-shop.com\/?page_id=1104"},"modified":"2026-02-24T11:39:52","modified_gmt":"2026-02-24T10:39:52","slug":"inlamningsuppgift-1","status":"publish","type":"page","link":"https:\/\/www.venturecup.se\/sv\/utbildningar\/kurs\/inlamningsuppgift-1\/","title":{"rendered":"Inl\u00e4mningsuppgift 1"},"content":{"rendered":"\t\t<div data-elementor-type=\"wp-page\" data-elementor-id=\"1104\" class=\"elementor elementor-1104\" data-elementor-post-type=\"page\">\n\t\t\t\t\t\t<section class=\"elementor-section elementor-top-section elementor-element elementor-element-7331399 elementor-section-boxed elementor-section-height-default elementor-section-height-default\" data-id=\"7331399\" data-element_type=\"section\" data-e-type=\"section\">\n\t\t\t\t\t\t<div class=\"elementor-container elementor-column-gap-default\">\n\t\t\t\t\t<div class=\"elementor-column elementor-col-100 elementor-top-column elementor-element elementor-element-e58e4fe\" data-id=\"e58e4fe\" data-element_type=\"column\" data-e-type=\"column\">\n\t\t\t<div class=\"elementor-widget-wrap elementor-element-populated\">\n\t\t\t\t\t\t<div class=\"elementor-element elementor-element-b243546 elementor-widget elementor-widget-heading\" data-id=\"b243546\" data-element_type=\"widget\" data-e-type=\"widget\" data-widget_type=\"heading.default\">\n\t\t\t\t<div class=\"elementor-widget-container\">\n\t\t\t\t\t<h2 class=\"elementor-heading-title elementor-size-default\">Inl\u00e4mningsuppgift 1<\/h2>\t\t\t\t<\/div>\n\t\t\t\t<\/div>\n\t\t\t\t<div class=\"elementor-element elementor-element-7546254 elementor-widget elementor-widget-heading\" data-id=\"7546254\" data-element_type=\"widget\" data-e-type=\"widget\" data-widget_type=\"heading.default\">\n\t\t\t\t<div class=\"elementor-widget-container\">\n\t\t\t\t\t<h2 class=\"elementor-heading-title elementor-size-default\">Deadline VT26, 22:e mars kl. 23.59<\/h2>\t\t\t\t<\/div>\n\t\t\t\t<\/div>\n\t\t\t\t<div class=\"elementor-element elementor-element-c50c492 elementor-widget elementor-widget-text-editor\" data-id=\"c50c492\" data-element_type=\"widget\" data-e-type=\"widget\" data-widget_type=\"text-editor.default\">\n\t\t\t\t<div class=\"elementor-widget-container\">\n\t\t\t\t\t\t\t\t\t<p><span style=\"font-weight: 400;\">Kursens inl\u00e4mningsuppgifter f\u00f6ljer Venture Cups t\u00e4vlingsprocess som \u00e4r framtagen f\u00f6r att hj\u00e4lpa entrepren\u00f6rer att g\u00e5 fr\u00e5n id\u00e9 till ett genomt\u00e4nkt aff\u00e4rskoncept. D\u00e5 inl\u00e4mningsuppgiften \u00e4r baserad p\u00e5 Venture Cups process l\u00e4mnar du in din inl\u00e4mningsuppgift genom Venture Cups t\u00e4vlingsverktyg. F\u00f6rhoppningen \u00e4r att du som valt kursen vill starta f\u00f6retag med din id\u00e9 och du f\u00e5r som kursdeltagare tillg\u00e5ng till de tj\u00e4nster som Venture Cup erbjuder i form av skriftlig feedback. Om du inte har en id\u00e9 som du planerar att starta f\u00f6retag kring s\u00e5 rekommenderar vi dig att v\u00e4lja en id\u00e9 f\u00f6r inl\u00e4mningsuppgifterna som du kan t\u00e4nka dig att starta i framtiden.<\/span><\/p>\n<div data-id=\"61a2604066b27\" data-height=\"25\" data-height-mobile=\"30\" data-height-tab=\"30\" data-height-tab-portrait=\"30\" data-height-mobile-landscape=\"30\">&nbsp;<\/div>\n<p><strong>Betyg<br><\/strong><span style=\"font-weight: 400;\">Du erh\u00e5ller betyget G eller U p\u00e5 dina inl\u00e4mningar. Vid U observera din feedback samt f\u00f6lj guiden inf\u00f6r n\u00e4stkommande inl\u00e4mning.<\/span><\/p>\n<p><span style=\"font-weight: 400;\">Du ska tydligt beskriva din aff\u00e4rsid\u00e9, vilket skall g\u00f6ras i Venture Cups IDEA-t\u00e4vling. Information om hur du skapar ditt t\u00e4vlingsbidrag samt vilka delar som b\u00f6r finnas med hittar du i rullistan T\u00e4vla &gt; T\u00e4vlingar &gt; IDEA<\/span><\/p>\n<p><strong>Formalia<\/strong><br><span style=\"font-weight: 400;\">Inl\u00e4mningarna skall vara skrivna p\u00e5 svenska eller engelska. T\u00e4nk p\u00e5 att du max f\u00e5r anv\u00e4nda 1500 ord, 1 minut video och 3 bilder sammanlagt <\/span><b>p\u00e5 plattformen<\/b><span style=\"font-weight: 400;\">. F\u00f6rutom att beskriva aff\u00e4rsid\u00e9n ska den ocks\u00e5 presenteras p\u00e5 ett professionellt s\u00e4tt i text och design.<\/span><\/p>\n<p><strong>Data<\/strong><br><span style=\"font-weight: 400;\">De faktauppgifter som underbygger antaganden och beslut skall s\u00e5 l\u00e5ngt som m\u00f6jligt vara externt validerade, vilket presenteras i avsnittet \u201creferenser\u201d om det inte framg\u00e5r p\u00e5 i t\u00e4vlingsbidraget.<\/span><\/p>\n<p><strong>Logik<br><\/strong><span style=\"font-weight: 400;\">Resonera trov\u00e4rdigt och \u00f6vertygande kring fr\u00e5gor som t ex val av aff\u00e4rsmodell och <\/span><span style=\"font-weight: 400;\">anv\u00e4ndande av data\/faktauppgifter. Var kritisk och reflekterande med avseende p\u00e5 b\u00e5de <\/span><span style=\"font-weight: 400;\">teoriers till\u00e4mplighet och k\u00e4llor till information.<\/span><\/p>\n<p><strong>Framst\u00e4llning<br><\/strong><span style=\"font-weight: 400;\">Framst\u00e4ll aff\u00e4rsid\u00e9n p\u00e5 ett tydligt och \u00f6vertygande s\u00e4tt. Inl\u00e4mningen ska <\/span><span style=\"font-weight: 400;\">inneh\u00e5lla en beskrivning av aff\u00e4rsid\u00e9n men \u00e4ven en beskrivning av hur arbetet ska genomf\u00f6ras. Vid inl\u00e4mning kan du v\u00e4lja vilka delar av din id\u00e9 som ska vara dolda respektive synas. T\u00e4nk p\u00e5 att det \u00e4r bra att ha en balans runt detta d\u00e5 du har chans att f\u00e5 mer feedback och d\u00e4rmed hj\u00e4lp att ta din id\u00e9 vidare om fler kan se din information.<\/span><\/p>\n<p><span style=\"font-weight: 400;\">Det \u00e4r upp till dig\/ditt team att sj\u00e4lva avg\u00f6ra vad som \u00e4r viktigast att lyfta fram med er id\u00e9 under respektive rubrik. F\u00f6r att f\u00f6rs\u00e4kra dig om att bidraget uppfyller Venture Cups krav, l\u00e4s \u00e4ven igenom reglerna innan du b\u00f6rjar skriva.<\/span><\/p>\t\t\t\t\t\t\t\t<\/div>\n\t\t\t\t<\/div>\n\t\t\t\t<div class=\"elementor-element elementor-element-7eaa135 elementor-align-center elementor-mobile-align-center elementor-widget elementor-widget-button\" data-id=\"7eaa135\" data-element_type=\"widget\" data-e-type=\"widget\" data-widget_type=\"button.default\">\n\t\t\t\t<div class=\"elementor-widget-container\">\n\t\t\t\t\t\t\t\t\t<div class=\"elementor-button-wrapper\">\n\t\t\t\t\t<a class=\"elementor-button elementor-button-link elementor-size-sm\" href=\"https:\/\/venturecup.ideahunt.io\/coach\/campaigns\/idea-hunt-2026-vt\/brief\" target=\"_blank\">\n\t\t\t\t\t\t<span class=\"elementor-button-content-wrapper\">\n\t\t\t\t\t\t\t\t\t<span class=\"elementor-button-text\">Till inl\u00e4mningsuppgift 1<\/span>\n\t\t\t\t\t<\/span>\n\t\t\t\t\t<\/a>\n\t\t\t\t<\/div>\n\t\t\t\t\t\t\t\t<\/div>\n\t\t\t\t<\/div>\n\t\t\t\t\t<\/div>\n\t\t<\/div>\n\t\t\t\t\t<\/div>\n\t\t<\/section>\n\t\t\t\t<section class=\"elementor-section elementor-top-section elementor-element elementor-element-3f8fe087 elementor-section-boxed elementor-section-height-default elementor-section-height-default\" data-id=\"3f8fe087\" data-element_type=\"section\" data-e-type=\"section\">\n\t\t\t\t\t\t<div class=\"elementor-container elementor-column-gap-default\">\n\t\t\t\t\t<div class=\"elementor-column elementor-col-100 elementor-top-column elementor-element elementor-element-521e6136\" data-id=\"521e6136\" data-element_type=\"column\" data-e-type=\"column\">\n\t\t\t<div class=\"elementor-widget-wrap elementor-element-populated\">\n\t\t\t\t\t\t<div class=\"elementor-element elementor-element-446fa81f elementor-widget elementor-widget-heading\" data-id=\"446fa81f\" data-element_type=\"widget\" data-e-type=\"widget\" data-widget_type=\"heading.default\">\n\t\t\t\t<div class=\"elementor-widget-container\">\n\t\t\t\t\t<h2 class=\"elementor-heading-title elementor-size-default\">\u00d6vriga fr\u00e5gor? maila<\/h2>\t\t\t\t<\/div>\n\t\t\t\t<\/div>\n\t\t\t\t<div class=\"elementor-element elementor-element-461c8254 elementor-icon-list--layout-traditional elementor-list-item-link-full_width elementor-widget elementor-widget-icon-list\" data-id=\"461c8254\" data-element_type=\"widget\" data-e-type=\"widget\" data-widget_type=\"icon-list.default\">\n\t\t\t\t<div class=\"elementor-widget-container\">\n\t\t\t\t\t\t\t<ul class=\"elementor-icon-list-items\">\n\t\t\t\t\t\t\t<li class=\"elementor-icon-list-item\">\n\t\t\t\t\t\t\t\t\t\t\t<a href=\"mailto:utbildning@venturecup.se\">\n\n\t\t\t\t\t\t\t\t\t\t\t\t<span class=\"elementor-icon-list-icon\">\n\t\t\t\t\t\t\t<i aria-hidden=\"true\" class=\"far fa-envelope\"><\/i>\t\t\t\t\t\t<\/span>\n\t\t\t\t\t\t\t\t\t\t<span class=\"elementor-icon-list-text\">utbildning@venturecup.se<\/span>\n\t\t\t\t\t\t\t\t\t\t\t<\/a>\n\t\t\t\t\t\t\t\t\t<\/li>\n\t\t\t\t\t\t<\/ul>\n\t\t\t\t\t\t<\/div>\n\t\t\t\t<\/div>\n\t\t\t\t\t<\/div>\n\t\t<\/div>\n\t\t\t\t\t<\/div>\n\t\t<\/section>\n\t\t\t\t<\/div>\n\t\t","protected":false},"excerpt":{"rendered":"<p>Inl\u00e4mningsuppgift 1 Deadline VT26, 22:e mars kl. 23.59 Kursens inl\u00e4mningsuppgifter f\u00f6ljer Venture Cups t\u00e4vlingsprocess som \u00e4r framtagen f\u00f6r att hj\u00e4lpa entrepren\u00f6rer att g\u00e5 fr\u00e5n id\u00e9 till ett genomt\u00e4nkt aff\u00e4rskoncept. D\u00e5 inl\u00e4mningsuppgiften \u00e4r baserad p\u00e5 Venture Cups process l\u00e4mnar du in din inl\u00e4mningsuppgift genom Venture Cups t\u00e4vlingsverktyg. F\u00f6rhoppningen \u00e4r att du som valt kursen vill starta [&hellip;]<\/p>\n","protected":false},"author":3,"featured_media":0,"parent":577,"menu_order":0,"comment_status":"closed","ping_status":"closed","template":"elementor_header_footer","meta":{"om_disable_all_campaigns":false,"_monsterinsights_skip_tracking":false,"_monsterinsights_sitenote_active":false,"_monsterinsights_sitenote_note":"","_monsterinsights_sitenote_category":0,"footnotes":""},"class_list":["post-1104","page","type-page","status-publish","hentry"],"_links":{"self":[{"href":"https:\/\/www.venturecup.se\/sv\/wp-json\/wp\/v2\/pages\/1104","targetHints":{"allow":["GET"]}}],"collection":[{"href":"https:\/\/www.venturecup.se\/sv\/wp-json\/wp\/v2\/pages"}],"about":[{"href":"https:\/\/www.venturecup.se\/sv\/wp-json\/wp\/v2\/types\/page"}],"author":[{"embeddable":true,"href":"https:\/\/www.venturecup.se\/sv\/wp-json\/wp\/v2\/users\/3"}],"replies":[{"embeddable":true,"href":"https:\/\/www.venturecup.se\/sv\/wp-json\/wp\/v2\/comments?post=1104"}],"version-history":[{"count":84,"href":"https:\/\/www.venturecup.se\/sv\/wp-json\/wp\/v2\/pages\/1104\/revisions"}],"predecessor-version":[{"id":9844,"href":"https:\/\/www.venturecup.se\/sv\/wp-json\/wp\/v2\/pages\/1104\/revisions\/9844"}],"up":[{"embeddable":true,"href":"https:\/\/www.venturecup.se\/sv\/wp-json\/wp\/v2\/pages\/577"}],"wp:attachment":[{"href":"https:\/\/www.venturecup.se\/sv\/wp-json\/wp\/v2\/media?parent=1104"}],"curies":[{"name":"wp","href":"https:\/\/api.w.org\/{rel}","templated":true}]}}