{"id":553,"date":"2021-11-24T17:32:25","date_gmt":"2021-11-24T16:32:25","guid":{"rendered":"https:\/\/venturecup.appli-shop.com\/?page_id=553"},"modified":"2025-01-20T08:54:53","modified_gmt":"2025-01-20T07:54:53","slug":"vara-kontor","status":"publish","type":"page","link":"https:\/\/www.venturecup.se\/en\/om\/vara-kontor\/","title":{"rendered":"Our offices"},"content":{"rendered":"<div data-elementor-type=\"wp-page\" data-elementor-id=\"553\" class=\"elementor elementor-553\" data-elementor-post-type=\"page\">\n\t\t\t\t\t\t<section class=\"elementor-section elementor-top-section elementor-element elementor-element-47199cce elementor-section-boxed elementor-section-height-default elementor-section-height-default\" data-id=\"47199cce\" data-element_type=\"section\" data-e-type=\"section\" data-settings=\"{&quot;background_background&quot;:&quot;classic&quot;}\">\n\t\t\t\t\t\t<div class=\"elementor-container elementor-column-gap-default\">\n\t\t\t\t\t<div class=\"elementor-column elementor-col-100 elementor-top-column elementor-element elementor-element-20098151\" data-id=\"20098151\" data-element_type=\"column\" data-e-type=\"column\">\n\t\t\t<div class=\"elementor-widget-wrap elementor-element-populated\">\n\t\t\t\t\t\t<section class=\"elementor-section elementor-inner-section elementor-element elementor-element-5d27ceab elementor-section-boxed elementor-section-height-default elementor-section-height-default\" data-id=\"5d27ceab\" data-element_type=\"section\" data-e-type=\"section\" data-settings=\"{&quot;background_background&quot;:&quot;classic&quot;}\">\n\t\t\t\t\t\t<div class=\"elementor-container elementor-column-gap-default\">\n\t\t\t\t\t<div class=\"elementor-column elementor-col-100 elementor-inner-column elementor-element elementor-element-af74b00\" data-id=\"af74b00\" data-element_type=\"column\" data-e-type=\"column\">\n\t\t\t<div class=\"elementor-widget-wrap elementor-element-populated\">\n\t\t\t\t\t\t<div class=\"elementor-element elementor-element-55a5c5e0 elementor-widget elementor-widget-heading\" data-id=\"55a5c5e0\" data-element_type=\"widget\" data-e-type=\"widget\" data-widget_type=\"heading.default\">\n\t\t\t\t<div class=\"elementor-widget-container\">\n\t\t\t\t\t<h1 class=\"elementor-heading-title elementor-size-default\">Find us<\/h1>\t\t\t\t<\/div>\n\t\t\t\t<\/div>\n\t\t\t\t<div class=\"elementor-element elementor-element-39c017cf elementor-widget-divider--view-line elementor-widget elementor-widget-divider\" data-id=\"39c017cf\" data-element_type=\"widget\" data-e-type=\"widget\" data-widget_type=\"divider.default\">\n\t\t\t\t<div class=\"elementor-widget-container\">\n\t\t\t\t\t\t\t<div class=\"elementor-divider\">\n\t\t\t<span class=\"elementor-divider-separator\">\n\t\t\t\t\t\t<\/span>\n\t\t<\/div>\n\t\t\t\t\t\t<\/div>\n\t\t\t\t<\/div>\n\t\t\t\t\t<\/div>\n\t\t<\/div>\n\t\t\t\t\t<\/div>\n\t\t<\/section>\n\t\t\t\t\t<\/div>\n\t\t<\/div>\n\t\t\t\t\t<\/div>\n\t\t<\/section>\n\t\t\t\t<section class=\"elementor-section elementor-top-section elementor-element elementor-element-15e2c38 elementor-section-boxed elementor-section-height-default elementor-section-height-default\" data-id=\"15e2c38\" data-element_type=\"section\" data-e-type=\"section\">\n\t\t\t\t\t\t<div class=\"elementor-container elementor-column-gap-default\">\n\t\t\t\t\t<div class=\"elementor-column elementor-col-50 elementor-top-column elementor-element elementor-element-04dfe6e\" data-id=\"04dfe6e\" data-element_type=\"column\" data-e-type=\"column\">\n\t\t\t<div class=\"elementor-widget-wrap elementor-element-populated\">\n\t\t\t\t\t\t<section class=\"elementor-section elementor-inner-section elementor-element elementor-element-e59f13d elementor-section-boxed elementor-section-height-default elementor-section-height-default\" data-id=\"e59f13d\" data-element_type=\"section\" data-e-type=\"section\">\n\t\t\t\t\t\t<div class=\"elementor-container elementor-column-gap-default\">\n\t\t\t\t\t<div class=\"elementor-column elementor-col-33 elementor-inner-column elementor-element elementor-element-294b617\" data-id=\"294b617\" data-element_type=\"column\" data-e-type=\"column\">\n\t\t\t<div class=\"elementor-widget-wrap elementor-element-populated\">\n\t\t\t\t\t\t<div class=\"elementor-element elementor-element-4e6eec4 elementor-widget elementor-widget-image\" data-id=\"4e6eec4\" data-element_type=\"widget\" data-e-type=\"widget\" data-widget_type=\"image.default\">\n\t\t\t\t<div class=\"elementor-widget-container\">\n\t\t\t\t\t\t\t\t\t\t\t\t\t\t\t<img fetchpriority=\"high\" decoding=\"async\" width=\"800\" height=\"534\" src=\"https:\/\/www.venturecup.se\/wp-content\/uploads\/2021\/12\/VA\u0308ST-24.png\" class=\"attachment-large size-large wp-image-1314\" alt=\"\" srcset=\"https:\/\/www.venturecup.se\/wp-content\/uploads\/2021\/12\/VA\u0308ST-24.png 1500w, https:\/\/www.venturecup.se\/wp-content\/uploads\/2021\/12\/VA\u0308ST-24-300x200.png 300w, https:\/\/www.venturecup.se\/wp-content\/uploads\/2021\/12\/VA\u0308ST-24-1024x683.png 1024w, https:\/\/www.venturecup.se\/wp-content\/uploads\/2021\/12\/VA\u0308ST-24-768x512.png 768w, https:\/\/www.venturecup.se\/wp-content\/uploads\/2021\/12\/VA\u0308ST-24-18x12.png 18w\" sizes=\"(max-width: 800px) 100vw, 800px\" \/>\t\t\t\t\t\t\t\t\t\t\t\t\t\t\t<\/div>\n\t\t\t\t<\/div>\n\t\t\t\t<div class=\"elementor-element elementor-element-8843add elementor-widget elementor-widget-heading\" data-id=\"8843add\" data-element_type=\"widget\" data-e-type=\"widget\" data-widget_type=\"heading.default\">\n\t\t\t\t<div class=\"elementor-widget-container\">\n\t\t\t\t\t<h2 class=\"elementor-heading-title elementor-size-default\">Visitor address<\/h2>\t\t\t\t<\/div>\n\t\t\t\t<\/div>\n\t\t\t\t<div class=\"elementor-element elementor-element-73cbed6 elementor-icon-list--layout-traditional elementor-list-item-link-full_width elementor-widget elementor-widget-icon-list\" data-id=\"73cbed6\" data-element_type=\"widget\" data-e-type=\"widget\" data-widget_type=\"icon-list.default\">\n\t\t\t\t<div class=\"elementor-widget-container\">\n\t\t\t\t\t\t\t<ul class=\"elementor-icon-list-items\">\n\t\t\t\t\t\t\t<li class=\"elementor-icon-list-item\">\n\t\t\t\t\t\t\t\t\t\t\t<span class=\"elementor-icon-list-icon\">\n\t\t\t\t\t\t\t<i aria-hidden=\"true\" class=\"fas fa-map-marker-alt\"><\/i>\t\t\t\t\t\t<\/span>\n\t\t\t\t\t\t\t\t\t\t<span class=\"elementor-icon-list-text\"><font color=\"#1d1c1d\" face=\"Slack-Lato, Slack-Fractions, appleLogo, sans-serif\"><span style=\"font-size: 15px\">Venture Cup Sverige <br>c\/o United Spaces <br>Klarabergsviadukten 63,&nbsp;<\/span><\/font><span style=\"font-family: Slack-Lato, Slack-Fractions, appleLogo, sans-serif;font-size: 15px\">111 64&nbsp;<\/span><font color=\"#1d1c1d\" face=\"Slack-Lato, Slack-Fractions, appleLogo, sans-serif\"><span style=\"font-size: 15px\">&nbsp;Stockholm<\/span><\/font><\/span>\n\t\t\t\t\t\t\t\t\t<\/li>\n\t\t\t\t\t\t<\/ul>\n\t\t\t\t\t\t<\/div>\n\t\t\t\t<\/div>\n\t\t\t\t\t<\/div>\n\t\t<\/div>\n\t\t\t\t<div class=\"elementor-column elementor-col-33 elementor-inner-column elementor-element elementor-element-45ed51e\" data-id=\"45ed51e\" data-element_type=\"column\" data-e-type=\"column\">\n\t\t\t<div class=\"elementor-widget-wrap elementor-element-populated\">\n\t\t\t\t\t\t<div class=\"elementor-element elementor-element-c647d67 elementor-widget elementor-widget-image\" data-id=\"c647d67\" data-element_type=\"widget\" data-e-type=\"widget\" data-widget_type=\"image.default\">\n\t\t\t\t<div class=\"elementor-widget-container\">\n\t\t\t\t\t\t\t\t\t\t\t\t\t\t\t<img decoding=\"async\" width=\"800\" height=\"534\" src=\"https:\/\/www.venturecup.se\/wp-content\/uploads\/2021\/12\/VA\u0308ST-22.png\" class=\"attachment-large size-large wp-image-1313\" alt=\"\" srcset=\"https:\/\/www.venturecup.se\/wp-content\/uploads\/2021\/12\/VA\u0308ST-22.png 1500w, https:\/\/www.venturecup.se\/wp-content\/uploads\/2021\/12\/VA\u0308ST-22-300x200.png 300w, https:\/\/www.venturecup.se\/wp-content\/uploads\/2021\/12\/VA\u0308ST-22-1024x683.png 1024w, https:\/\/www.venturecup.se\/wp-content\/uploads\/2021\/12\/VA\u0308ST-22-768x512.png 768w, https:\/\/www.venturecup.se\/wp-content\/uploads\/2021\/12\/VA\u0308ST-22-18x12.png 18w\" sizes=\"(max-width: 800px) 100vw, 800px\" \/>\t\t\t\t\t\t\t\t\t\t\t\t\t\t\t<\/div>\n\t\t\t\t<\/div>\n\t\t\t\t<div class=\"elementor-element elementor-element-71000fe elementor-widget elementor-widget-heading\" data-id=\"71000fe\" data-element_type=\"widget\" data-e-type=\"widget\" data-widget_type=\"heading.default\">\n\t\t\t\t<div class=\"elementor-widget-container\">\n\t\t\t\t\t<h2 class=\"elementor-heading-title elementor-size-default\">Visitor address<\/h2>\t\t\t\t<\/div>\n\t\t\t\t<\/div>\n\t\t\t\t<div class=\"elementor-element elementor-element-2df8b13 elementor-icon-list--layout-traditional elementor-list-item-link-full_width elementor-widget elementor-widget-icon-list\" data-id=\"2df8b13\" data-element_type=\"widget\" data-e-type=\"widget\" data-widget_type=\"icon-list.default\">\n\t\t\t\t<div class=\"elementor-widget-container\">\n\t\t\t\t\t\t\t<ul class=\"elementor-icon-list-items\">\n\t\t\t\t\t\t\t<li class=\"elementor-icon-list-item\">\n\t\t\t\t\t\t\t\t\t\t\t<span class=\"elementor-icon-list-icon\">\n\t\t\t\t\t\t\t<i aria-hidden=\"true\" class=\"fas fa-map-marker-alt\"><\/i>\t\t\t\t\t\t<\/span>\n\t\t\t\t\t\t\t\t\t\t<span class=\"elementor-icon-list-text\"><span style=\"font-family: Slack-Lato, Slack-Fractions, appleLogo, sans-serif;font-size: 15px\">Venture Cup Sverige<\/span><br style=\"font-family: Slack-Lato, Slack-Fractions, appleLogo, sans-serif;font-size: 15px\"><span style=\"font-family: Slack-Lato, Slack-Fractions, appleLogo, sans-serif;font-size: 15px\">c\/o United Spaces<\/span><br style=\"font-family: Slack-Lato, Slack-Fractions, appleLogo, sans-serif;font-size: 15px\"><font color=\"#1d1c1d\" face=\"Slack-Lato, Slack-Fractions, appleLogo, sans-serif\"><span style=\"font-size: 15px\">Nordenski\u00f6ldsgatan 24 211 19 Malm\u00f6<\/span><\/font><\/span>\n\t\t\t\t\t\t\t\t\t<\/li>\n\t\t\t\t\t\t<\/ul>\n\t\t\t\t\t\t<\/div>\n\t\t\t\t<\/div>\n\t\t\t\t\t<\/div>\n\t\t<\/div>\n\t\t\t\t<div class=\"elementor-column elementor-col-33 elementor-inner-column elementor-element elementor-element-0bfdc5d\" data-id=\"0bfdc5d\" data-element_type=\"column\" data-e-type=\"column\">\n\t\t\t<div class=\"elementor-widget-wrap elementor-element-populated\">\n\t\t\t\t\t\t<div class=\"elementor-element elementor-element-31bd5ba elementor-widget elementor-widget-image\" data-id=\"31bd5ba\" data-element_type=\"widget\" data-e-type=\"widget\" data-widget_type=\"image.default\">\n\t\t\t\t<div class=\"elementor-widget-container\">\n\t\t\t\t\t\t\t\t\t\t\t\t\t\t\t<img decoding=\"async\" width=\"800\" height=\"534\" src=\"https:\/\/www.venturecup.se\/wp-content\/uploads\/2021\/12\/VA\u0308ST-23.png\" class=\"attachment-large size-large wp-image-1311\" alt=\"\" srcset=\"https:\/\/www.venturecup.se\/wp-content\/uploads\/2021\/12\/VA\u0308ST-23.png 1500w, https:\/\/www.venturecup.se\/wp-content\/uploads\/2021\/12\/VA\u0308ST-23-300x200.png 300w, https:\/\/www.venturecup.se\/wp-content\/uploads\/2021\/12\/VA\u0308ST-23-1024x683.png 1024w, https:\/\/www.venturecup.se\/wp-content\/uploads\/2021\/12\/VA\u0308ST-23-768x512.png 768w, https:\/\/www.venturecup.se\/wp-content\/uploads\/2021\/12\/VA\u0308ST-23-18x12.png 18w\" sizes=\"(max-width: 800px) 100vw, 800px\" \/>\t\t\t\t\t\t\t\t\t\t\t\t\t\t\t<\/div>\n\t\t\t\t<\/div>\n\t\t\t\t<div class=\"elementor-element elementor-element-9847e1b elementor-widget elementor-widget-heading\" data-id=\"9847e1b\" data-element_type=\"widget\" data-e-type=\"widget\" data-widget_type=\"heading.default\">\n\t\t\t\t<div class=\"elementor-widget-container\">\n\t\t\t\t\t<h2 class=\"elementor-heading-title elementor-size-default\">Visitor address<\/h2>\t\t\t\t<\/div>\n\t\t\t\t<\/div>\n\t\t\t\t<div class=\"elementor-element elementor-element-6e302d4 elementor-icon-list--layout-traditional elementor-list-item-link-full_width elementor-widget elementor-widget-icon-list\" data-id=\"6e302d4\" data-element_type=\"widget\" data-e-type=\"widget\" data-widget_type=\"icon-list.default\">\n\t\t\t\t<div class=\"elementor-widget-container\">\n\t\t\t\t\t\t\t<ul class=\"elementor-icon-list-items\">\n\t\t\t\t\t\t\t<li class=\"elementor-icon-list-item\">\n\t\t\t\t\t\t\t\t\t\t\t<span class=\"elementor-icon-list-icon\">\n\t\t\t\t\t\t\t<i aria-hidden=\"true\" class=\"fas fa-map-marker-alt\"><\/i>\t\t\t\t\t\t<\/span>\n\t\t\t\t\t\t\t\t\t\t<span class=\"elementor-icon-list-text\"><span style=\"font-family: Slack-Lato, Slack-Fractions, appleLogo, sans-serif;font-size: 15px\">Venture Cup Sverige<\/span><br style=\"font-family: Slack-Lato, Slack-Fractions, appleLogo, sans-serif;font-size: 15px\"><span style=\"font-family: Slack-Lato, Slack-Fractions, appleLogo, sans-serif;font-size: 15px\">c\/o United Spaces<\/span><br style=\"font-family: Slack-Lato, Slack-Fractions, appleLogo, sans-serif;font-size: 15px\"><font color=\"#1d1c1d\" face=\"Slack-Lato, Slack-Fractions, appleLogo, sans-serif\"><span style=\"font-size: 15px\">Pumpgatan 1<br>417 55 G\u00f6teborg<\/span><\/font><\/span>\n\t\t\t\t\t\t\t\t\t<\/li>\n\t\t\t\t\t\t<\/ul>\n\t\t\t\t\t\t<\/div>\n\t\t\t\t<\/div>\n\t\t\t\t\t<\/div>\n\t\t<\/div>\n\t\t\t\t\t<\/div>\n\t\t<\/section>\n\t\t\t\t<section class=\"elementor-section elementor-inner-section elementor-element elementor-element-eff2edc elementor-section-boxed elementor-section-height-default elementor-section-height-default\" data-id=\"eff2edc\" data-element_type=\"section\" data-e-type=\"section\">\n\t\t\t\t\t\t<div class=\"elementor-container elementor-column-gap-default\">\n\t\t\t\t\t<div class=\"elementor-column elementor-col-100 elementor-inner-column elementor-element elementor-element-6a73e14\" data-id=\"6a73e14\" data-element_type=\"column\" data-e-type=\"column\">\n\t\t\t<div class=\"elementor-widget-wrap\">\n\t\t\t\t\t\t\t<\/div>\n\t\t<\/div>\n\t\t\t\t\t<\/div>\n\t\t<\/section>\n\t\t\t\t\t<\/div>\n\t\t<\/div>\n\t\t\t\t<div class=\"elementor-column elementor-col-50 elementor-top-column elementor-element elementor-element-ebd29f1 elementor-hidden-tablet elementor-hidden-mobile\" data-id=\"ebd29f1\" data-element_type=\"column\" data-e-type=\"column\">\n\t\t\t<div class=\"elementor-widget-wrap elementor-element-populated\">\n\t\t\t\t\t\t<div class=\"elementor-element elementor-element-350419b elementor-widget elementor-widget-image\" data-id=\"350419b\" data-element_type=\"widget\" data-e-type=\"widget\" data-widget_type=\"image.default\">\n\t\t\t\t<div class=\"elementor-widget-container\">\n\t\t\t\t\t\t\t\t\t\t\t\t\t\t\t<img loading=\"lazy\" decoding=\"async\" width=\"432\" height=\"846\" src=\"https:\/\/www.venturecup.se\/wp-content\/uploads\/2021\/11\/map_vc2-1.png\" class=\"attachment-large size-large wp-image-993\" alt=\"\" srcset=\"https:\/\/www.venturecup.se\/wp-content\/uploads\/2021\/11\/map_vc2-1.png 432w, https:\/\/www.venturecup.se\/wp-content\/uploads\/2021\/11\/map_vc2-1-153x300.png 153w, https:\/\/www.venturecup.se\/wp-content\/uploads\/2021\/11\/map_vc2-1-6x12.png 6w\" sizes=\"(max-width: 432px) 100vw, 432px\" \/>\t\t\t\t\t\t\t\t\t\t\t\t\t\t\t<\/div>\n\t\t\t\t<\/div>\n\t\t\t\t\t<\/div>\n\t\t<\/div>\n\t\t\t\t\t<\/div>\n\t\t<\/section>\n\t\t\t\t<section class=\"elementor-section elementor-top-section elementor-element elementor-element-1af75da elementor-section-boxed elementor-section-height-default elementor-section-height-default\" data-id=\"1af75da\" data-element_type=\"section\" data-e-type=\"section\">\n\t\t\t\t\t\t<div class=\"elementor-container elementor-column-gap-default\">\n\t\t\t\t\t<div class=\"elementor-column elementor-col-100 elementor-top-column elementor-element elementor-element-f73cd48\" data-id=\"f73cd48\" data-element_type=\"column\" data-e-type=\"column\">\n\t\t\t<div class=\"elementor-widget-wrap elementor-element-populated\">\n\t\t\t\t\t\t<div class=\"elementor-element elementor-element-7d94261 elementor-widget elementor-widget-text-editor\" data-id=\"7d94261\" data-element_type=\"widget\" data-e-type=\"widget\" data-widget_type=\"text-editor.default\">\n\t\t\t\t<div class=\"elementor-widget-container\">\n\t\t\t\t\t\t\t\t\t<p><i><b>All supplier invoices need to be sent to BDO3016@pdf.scancloud.se<\/b><\/i><\/p>\t\t\t\t\t\t\t\t<\/div>\n\t\t\t\t<\/div>\n\t\t\t\t<div class=\"elementor-element elementor-element-0aab747 elementor-widget elementor-widget-spacer\" data-id=\"0aab747\" data-element_type=\"widget\" data-e-type=\"widget\" data-widget_type=\"spacer.default\">\n\t\t\t\t<div class=\"elementor-widget-container\">\n\t\t\t\t\t\t\t<div class=\"elementor-spacer\">\n\t\t\t<div class=\"elementor-spacer-inner\"><\/div>\n\t\t<\/div>\n\t\t\t\t\t\t<\/div>\n\t\t\t\t<\/div>\n\t\t\t\t<div class=\"elementor-element elementor-element-8845f9a elementor-align-left elementor-mobile-align-center elementor-widget elementor-widget-button\" data-id=\"8845f9a\" data-element_type=\"widget\" data-e-type=\"widget\" data-widget_type=\"button.default\">\n\t\t\t\t<div class=\"elementor-widget-container\">\n\t\t\t\t\t\t\t\t\t<div class=\"elementor-button-wrapper\">\n\t\t\t\t\t<a class=\"elementor-button elementor-button-link elementor-size-sm\" href=\"https:\/\/venturecup.appli-shop.com\/om\/mot-teamet\/\">\n\t\t\t\t\t\t<span class=\"elementor-button-content-wrapper\">\n\t\t\t\t\t\t\t\t\t<span class=\"elementor-button-text\">Contact us<\/span>\n\t\t\t\t\t<\/span>\n\t\t\t\t\t<\/a>\n\t\t\t\t<\/div>\n\t\t\t\t\t\t\t\t<\/div>\n\t\t\t\t<\/div>\n\t\t\t\t\t<\/div>\n\t\t<\/div>\n\t\t\t\t\t<\/div>\n\t\t<\/section>\n\t\t\t\t<\/div>","protected":false},"excerpt":{"rendered":"<p>Hitta oss Bes\u00f6ksadress Venture Cup Sverige c\/o United Spaces Klarabergsviadukten 63,&nbsp;111 64&nbsp;&nbsp;Stockholm Bes\u00f6ksadress Venture Cup Sverigec\/o United SpacesNordenski\u00f6ldsgatan 24 211 19 Malm\u00f6 Bes\u00f6ksadress Venture Cup Sverigec\/o United SpacesPumpgatan 1417 55 G\u00f6teborg Samtliga leverant\u00f6rsfakturor skickas elektroniskt till BDO3016@pdf.scancloud.se Kontakta oss<\/p>","protected":false},"author":3,"featured_media":0,"parent":7,"menu_order":0,"comment_status":"closed","ping_status":"closed","template":"elementor_header_footer","meta":{"om_disable_all_campaigns":false,"_monsterinsights_skip_tracking":false,"_monsterinsights_sitenote_active":false,"_monsterinsights_sitenote_note":"","_monsterinsights_sitenote_category":0,"footnotes":""},"class_list":["post-553","page","type-page","status-publish","hentry"],"_links":{"self":[{"href":"https:\/\/www.venturecup.se\/en\/wp-json\/wp\/v2\/pages\/553","targetHints":{"allow":["GET"]}}],"collection":[{"href":"https:\/\/www.venturecup.se\/en\/wp-json\/wp\/v2\/pages"}],"about":[{"href":"https:\/\/www.venturecup.se\/en\/wp-json\/wp\/v2\/types\/page"}],"author":[{"embeddable":true,"href":"https:\/\/www.venturecup.se\/en\/wp-json\/wp\/v2\/users\/3"}],"replies":[{"embeddable":true,"href":"https:\/\/www.venturecup.se\/en\/wp-json\/wp\/v2\/comments?post=553"}],"version-history":[{"count":47,"href":"https:\/\/www.venturecup.se\/en\/wp-json\/wp\/v2\/pages\/553\/revisions"}],"predecessor-version":[{"id":9548,"href":"https:\/\/www.venturecup.se\/en\/wp-json\/wp\/v2\/pages\/553\/revisions\/9548"}],"up":[{"embeddable":true,"href":"https:\/\/www.venturecup.se\/en\/wp-json\/wp\/v2\/pages\/7"}],"wp:attachment":[{"href":"https:\/\/www.venturecup.se\/en\/wp-json\/wp\/v2\/media?parent=553"}],"curies":[{"name":"wp","href":"https:\/\/api.w.org\/{rel}","templated":true}]}}