{"id":531,"date":"2021-11-24T17:17:01","date_gmt":"2021-11-24T16:17:01","guid":{"rendered":"https:\/\/venturecup.appli-shop.com\/?page_id=531"},"modified":"2026-04-08T12:41:05","modified_gmt":"2026-04-08T10:41:05","slug":"tavling","status":"publish","type":"page","link":"https:\/\/www.venturecup.se\/en\/tavling\/","title":{"rendered":"Compete"},"content":{"rendered":"<div data-elementor-type=\"wp-page\" data-elementor-id=\"531\" class=\"elementor elementor-531\" data-elementor-post-type=\"page\">\n\t\t\t\t\t\t<section class=\"elementor-section elementor-top-section elementor-element elementor-element-904651e elementor-section-boxed elementor-section-height-default elementor-section-height-default\" data-id=\"904651e\" data-element_type=\"section\" data-e-type=\"section\" data-settings=\"{&quot;background_background&quot;:&quot;classic&quot;}\">\n\t\t\t\t\t\t<div class=\"elementor-container elementor-column-gap-default\">\n\t\t\t\t\t<div class=\"elementor-column elementor-col-100 elementor-top-column elementor-element elementor-element-6c2ba6b\" data-id=\"6c2ba6b\" data-element_type=\"column\" data-e-type=\"column\">\n\t\t\t<div class=\"elementor-widget-wrap elementor-element-populated\">\n\t\t\t\t\t\t<section class=\"elementor-section elementor-inner-section elementor-element elementor-element-9c30eaa elementor-section-boxed elementor-section-height-default elementor-section-height-default\" data-id=\"9c30eaa\" data-element_type=\"section\" data-e-type=\"section\" data-settings=\"{&quot;background_background&quot;:&quot;classic&quot;}\">\n\t\t\t\t\t\t<div class=\"elementor-container elementor-column-gap-default\">\n\t\t\t\t\t<div class=\"elementor-column elementor-col-100 elementor-inner-column elementor-element elementor-element-a3a3e32\" data-id=\"a3a3e32\" data-element_type=\"column\" data-e-type=\"column\">\n\t\t\t<div class=\"elementor-widget-wrap elementor-element-populated\">\n\t\t\t\t\t\t<div class=\"elementor-element elementor-element-9226e09 elementor-widget elementor-widget-heading\" data-id=\"9226e09\" data-element_type=\"widget\" data-e-type=\"widget\" data-widget_type=\"heading.default\">\n\t\t\t\t<div class=\"elementor-widget-container\">\n\t\t\t\t\t<h1 class=\"elementor-heading-title elementor-size-default\">Venture Cup<\/h1>\t\t\t\t<\/div>\n\t\t\t\t<\/div>\n\t\t\t\t<div class=\"elementor-element elementor-element-baa2bdb elementor-widget-divider--view-line elementor-widget elementor-widget-divider\" data-id=\"baa2bdb\" data-element_type=\"widget\" data-e-type=\"widget\" data-widget_type=\"divider.default\">\n\t\t\t\t<div class=\"elementor-widget-container\">\n\t\t\t\t\t\t\t<div class=\"elementor-divider\">\n\t\t\t<span class=\"elementor-divider-separator\">\n\t\t\t\t\t\t<\/span>\n\t\t<\/div>\n\t\t\t\t\t\t<\/div>\n\t\t\t\t<\/div>\n\t\t\t\t<div class=\"elementor-element elementor-element-9b3700e elementor-widget elementor-widget-text-editor\" data-id=\"9b3700e\" data-element_type=\"widget\" data-e-type=\"widget\" data-widget_type=\"text-editor.default\">\n\t\t\t\t<div class=\"elementor-widget-container\">\n\t\t\t\t\t\t\t\t\t<p>Sweden\u2019s largest competition for business ideas and startups<\/p>\t\t\t\t\t\t\t\t<\/div>\n\t\t\t\t<\/div>\n\t\t\t\t\t<\/div>\n\t\t<\/div>\n\t\t\t\t\t<\/div>\n\t\t<\/section>\n\t\t\t\t\t<\/div>\n\t\t<\/div>\n\t\t\t\t\t<\/div>\n\t\t<\/section>\n\t\t\t\t<section class=\"elementor-section elementor-top-section elementor-element elementor-element-6413c7c elementor-section-boxed elementor-section-height-default elementor-section-height-default\" data-id=\"6413c7c\" data-element_type=\"section\" data-e-type=\"section\">\n\t\t\t\t\t\t<div class=\"elementor-container elementor-column-gap-default\">\n\t\t\t\t\t<div class=\"elementor-column elementor-col-100 elementor-top-column elementor-element elementor-element-e4bda1d\" data-id=\"e4bda1d\" data-element_type=\"column\" data-e-type=\"column\">\n\t\t\t<div class=\"elementor-widget-wrap elementor-element-populated\">\n\t\t\t\t\t\t<div class=\"elementor-element elementor-element-f0688a5 elementor-widget elementor-widget-image\" data-id=\"f0688a5\" data-element_type=\"widget\" data-e-type=\"widget\" data-widget_type=\"image.default\">\n\t\t\t\t<div class=\"elementor-widget-container\">\n\t\t\t\t\t\t\t\t\t\t\t\t\t\t\t\t<a href=\"https:\/\/venturecup.ideahunt.io\/coach\/campaigns\/idea-hunt-2026-vt\/brief\">\n\t\t\t\t\t\t\t<img fetchpriority=\"high\" decoding=\"async\" width=\"300\" height=\"210\" src=\"https:\/\/www.venturecup.se\/wp-content\/uploads\/2026\/04\/IDEA-logotyp-blagron-vit-bakgrund-300x210.png\" class=\"attachment-medium size-medium wp-image-10005\" alt=\"\" srcset=\"https:\/\/www.venturecup.se\/wp-content\/uploads\/2026\/04\/IDEA-logotyp-blagron-vit-bakgrund-300x210.png 300w, https:\/\/www.venturecup.se\/wp-content\/uploads\/2026\/04\/IDEA-logotyp-blagron-vit-bakgrund-1024x718.png 1024w, https:\/\/www.venturecup.se\/wp-content\/uploads\/2026\/04\/IDEA-logotyp-blagron-vit-bakgrund-768x539.png 768w, https:\/\/www.venturecup.se\/wp-content\/uploads\/2026\/04\/IDEA-logotyp-blagron-vit-bakgrund-1536x1078.png 1536w, https:\/\/www.venturecup.se\/wp-content\/uploads\/2026\/04\/IDEA-logotyp-blagron-vit-bakgrund-2048x1437.png 2048w, https:\/\/www.venturecup.se\/wp-content\/uploads\/2026\/04\/IDEA-logotyp-blagron-vit-bakgrund-18x12.png 18w\" sizes=\"(max-width: 300px) 100vw, 300px\" \/>\t\t\t\t\t\t\t\t<\/a>\n\t\t\t\t\t\t\t\t\t\t\t\t\t\t\t<\/div>\n\t\t\t\t<\/div>\n\t\t\t\t\t<\/div>\n\t\t<\/div>\n\t\t\t\t\t<\/div>\n\t\t<\/section>\n\t\t\t\t<section class=\"elementor-section elementor-top-section elementor-element elementor-element-a7323d9 elementor-section-boxed elementor-section-height-default elementor-section-height-default\" data-id=\"a7323d9\" data-element_type=\"section\" data-e-type=\"section\">\n\t\t\t\t\t\t<div class=\"elementor-container elementor-column-gap-default\">\n\t\t\t\t\t<div class=\"elementor-column elementor-col-100 elementor-top-column elementor-element elementor-element-59be3c3\" data-id=\"59be3c3\" data-element_type=\"column\" data-e-type=\"column\">\n\t\t\t<div class=\"elementor-widget-wrap elementor-element-populated\">\n\t\t\t\t\t\t<div class=\"elementor-element elementor-element-9b4d3ce elementor-widget elementor-widget-heading\" data-id=\"9b4d3ce\" data-element_type=\"widget\" data-e-type=\"widget\" data-widget_type=\"heading.default\">\n\t\t\t\t<div class=\"elementor-widget-container\">\n\t\t\t\t\t<h3 class=\"elementor-heading-title elementor-size-default\"><a href=\"https:\/\/venturecup.ideahunt.io\/coach\/campaigns\/idea-hunt-2026-vt\/brief\">IDEA HUNT 2026<br>P\u00e5g\u00e5r  - deadline 15 nov. <br><\/a><\/h3>\t\t\t\t<\/div>\n\t\t\t\t<\/div>\n\t\t\t\t\t<\/div>\n\t\t<\/div>\n\t\t\t\t\t<\/div>\n\t\t<\/section>\n\t\t\t\t<section class=\"elementor-section elementor-top-section elementor-element elementor-element-43360ea elementor-section-boxed elementor-section-height-default elementor-section-height-default\" data-id=\"43360ea\" data-element_type=\"section\" data-e-type=\"section\">\n\t\t\t\t\t\t<div class=\"elementor-container elementor-column-gap-default\">\n\t\t\t\t\t<div class=\"elementor-column elementor-col-100 elementor-top-column elementor-element elementor-element-b30d201\" data-id=\"b30d201\" data-element_type=\"column\" data-e-type=\"column\">\n\t\t\t<div class=\"elementor-widget-wrap elementor-element-populated\">\n\t\t\t\t\t\t<div class=\"elementor-element elementor-element-a47f70a elementor-widget elementor-widget-spacer\" data-id=\"a47f70a\" data-element_type=\"widget\" data-e-type=\"widget\" data-widget_type=\"spacer.default\">\n\t\t\t\t<div class=\"elementor-widget-container\">\n\t\t\t\t\t\t\t<div class=\"elementor-spacer\">\n\t\t\t<div class=\"elementor-spacer-inner\"><\/div>\n\t\t<\/div>\n\t\t\t\t\t\t<\/div>\n\t\t\t\t<\/div>\n\t\t\t\t<div class=\"elementor-element elementor-element-514ad1e elementor-widget elementor-widget-image\" data-id=\"514ad1e\" data-element_type=\"widget\" data-e-type=\"widget\" data-widget_type=\"image.default\">\n\t\t\t\t<div class=\"elementor-widget-container\">\n\t\t\t\t\t\t\t\t\t\t\t\t\t\t\t\t<a href=\"https:\/\/venturecup.ideahunt.io\/coach\/campaigns\/startup-challenge-2026\/brief\">\n\t\t\t\t\t\t\t<img decoding=\"async\" width=\"300\" height=\"200\" src=\"https:\/\/www.venturecup.se\/wp-content\/uploads\/2026\/04\/STARTUP-logga.jpg\" class=\"attachment-medium size-medium wp-image-9950\" alt=\"\" \/>\t\t\t\t\t\t\t\t<\/a>\n\t\t\t\t\t\t\t\t\t\t\t\t\t\t\t<\/div>\n\t\t\t\t<\/div>\n\t\t\t\t<div class=\"elementor-element elementor-element-51d1295 elementor-widget elementor-widget-heading\" data-id=\"51d1295\" data-element_type=\"widget\" data-e-type=\"widget\" data-widget_type=\"heading.default\">\n\t\t\t\t<div class=\"elementor-widget-container\">\n\t\t\t\t\t<h3 class=\"elementor-heading-title elementor-size-default\">STARTUP CHALLENGE 2026 <br>\u00d6ppnar den 15 april - 15 sept.<\/h3>\t\t\t\t<\/div>\n\t\t\t\t<\/div>\n\t\t\t\t\t<\/div>\n\t\t<\/div>\n\t\t\t\t\t<\/div>\n\t\t<\/section>\n\t\t\t\t<section class=\"elementor-section elementor-top-section elementor-element elementor-element-5ea8812 elementor-section-boxed elementor-section-height-default elementor-section-height-default\" data-id=\"5ea8812\" data-element_type=\"section\" data-e-type=\"section\">\n\t\t\t\t\t\t<div class=\"elementor-container elementor-column-gap-default\">\n\t\t\t\t\t<div class=\"elementor-column elementor-col-100 elementor-top-column elementor-element elementor-element-a3e3d8b\" data-id=\"a3e3d8b\" data-element_type=\"column\" data-e-type=\"column\">\n\t\t\t<div class=\"elementor-widget-wrap elementor-element-populated\">\n\t\t\t\t\t\t<div class=\"elementor-element elementor-element-26301fd elementor-widget elementor-widget-image\" data-id=\"26301fd\" data-element_type=\"widget\" data-e-type=\"widget\" data-widget_type=\"image.default\">\n\t\t\t\t<div class=\"elementor-widget-container\">\n\t\t\t\t\t\t\t\t\t\t\t\t\t\t\t<img decoding=\"async\" width=\"800\" height=\"144\" src=\"https:\/\/www.venturecup.se\/wp-content\/uploads\/2026\/04\/January-3-1024x184.png\" class=\"attachment-large size-large wp-image-10057\" alt=\"\" srcset=\"https:\/\/www.venturecup.se\/wp-content\/uploads\/2026\/04\/January-3-1024x184.png 1024w, https:\/\/www.venturecup.se\/wp-content\/uploads\/2026\/04\/January-3-300x54.png 300w, https:\/\/www.venturecup.se\/wp-content\/uploads\/2026\/04\/January-3-768x138.png 768w, https:\/\/www.venturecup.se\/wp-content\/uploads\/2026\/04\/January-3-1536x276.png 1536w, https:\/\/www.venturecup.se\/wp-content\/uploads\/2026\/04\/January-3-18x3.png 18w, https:\/\/www.venturecup.se\/wp-content\/uploads\/2026\/04\/January-3.png 1811w\" sizes=\"(max-width: 800px) 100vw, 800px\" \/>\t\t\t\t\t\t\t\t\t\t\t\t\t\t\t<\/div>\n\t\t\t\t<\/div>\n\t\t\t\t\t<\/div>\n\t\t<\/div>\n\t\t\t\t\t<\/div>\n\t\t<\/section>\n\t\t\t\t<\/div>","protected":false},"excerpt":{"rendered":"<p>Venture Cup Sveriges ledande t\u00e4vlingar f\u00f6r aff\u00e4rsid\u00e9er och startups IDEA HUNT 2026P\u00e5g\u00e5r &#8211; deadline 15 nov. STARTUP CHALLENGE 2026 \u00d6ppnar den 15 april &#8211; 15 sept.<\/p>","protected":false},"author":3,"featured_media":0,"parent":0,"menu_order":0,"comment_status":"closed","ping_status":"closed","template":"elementor_header_footer","meta":{"om_disable_all_campaigns":false,"_monsterinsights_skip_tracking":false,"_monsterinsights_sitenote_active":false,"_monsterinsights_sitenote_note":"","_monsterinsights_sitenote_category":0,"footnotes":""},"class_list":["post-531","page","type-page","status-publish","hentry"],"_links":{"self":[{"href":"https:\/\/www.venturecup.se\/en\/wp-json\/wp\/v2\/pages\/531","targetHints":{"allow":["GET"]}}],"collection":[{"href":"https:\/\/www.venturecup.se\/en\/wp-json\/wp\/v2\/pages"}],"about":[{"href":"https:\/\/www.venturecup.se\/en\/wp-json\/wp\/v2\/types\/page"}],"author":[{"embeddable":true,"href":"https:\/\/www.venturecup.se\/en\/wp-json\/wp\/v2\/users\/3"}],"replies":[{"embeddable":true,"href":"https:\/\/www.venturecup.se\/en\/wp-json\/wp\/v2\/comments?post=531"}],"version-history":[{"count":271,"href":"https:\/\/www.venturecup.se\/en\/wp-json\/wp\/v2\/pages\/531\/revisions"}],"predecessor-version":[{"id":10060,"href":"https:\/\/www.venturecup.se\/en\/wp-json\/wp\/v2\/pages\/531\/revisions\/10060"}],"wp:attachment":[{"href":"https:\/\/www.venturecup.se\/en\/wp-json\/wp\/v2\/media?parent=531"}],"curies":[{"name":"wp","href":"https:\/\/api.w.org\/{rel}","templated":true}]}}